{"id":318,"date":"2023-12-19T22:09:20","date_gmt":"2023-12-19T21:09:20","guid":{"rendered":"https:\/\/www.bbdepatuljak.be\/bedandbreakfast\/"},"modified":"2025-10-21T18:42:07","modified_gmt":"2025-10-21T16:42:07","slug":"bedandbreakfast","status":"publish","type":"page","link":"https:\/\/www.bbdepatuljak.be\/fr\/","title":{"rendered":"Homepage"},"content":{"rendered":"\n\n\t\t\t\t\t\t\t\t<a href=\"https:\/\/www.bbdepatuljak.be\/fr\/\" target=\"_self\" itemprop=\"url\">\n\t\t\t\t\t\t\t\t\t<img loading=\"lazy\" decoding=\"async\" src=\"https:\/\/www.bbdepatuljak.be\/wp-content\/uploads\/2023\/12\/BB_Favicon.png\" alt=\"B&amp;B_Favicon\" itemprop=\"image\" height=\"57\" width=\"65\" title=\"B&amp;B_Favicon\" onerror=\"this.style.display='none'\"  \/>\n\t\t\t\t\t\t\t\t\t\t\t\t\t<\/a>\n\t\t\t<button tabindex=\"0\" aria-label=\"Menu\" aria-expanded=\"false\">\n\t\t\t\t\t\t\t<\/button>\n\t<nav aria-label=\"Menu\" itemscope=\"itemscope\" itemtype=\"https:\/\/schema.org\/SiteNavigationElement\">\n\t\t<ul id=\"menu-menu-principal-fr\"><li id=\"menu-item-335\"><a href=\"https:\/\/www.bbdepatuljak.be\/fr\/\" aria-current=\"page\">Accueil<\/a><\/li><li id=\"menu-item-359\"><a href=\"https:\/\/www.bbdepatuljak.be\/fr\/tarifs\/\">Tarifs<\/a><\/li><li id=\"menu-item-399\"><a href=\"https:\/\/www.bbdepatuljak.be\/fr\/petit-dejeuner\/\">Petit-d\u00e9jeuner<\/a><\/li><li id=\"menu-item-638\"><a href=\"https:\/\/www.bbdepatuljak.be\/fr\/reservation\/\">R\u00e9servation<\/a><\/li><li id=\"menu-item-469\"><a href=\"https:\/\/www.bbdepatuljak.be\/fr\/que-faire-a-proximite\/\">Actus<\/a><\/li><li id=\"menu-item-376\"><a href=\"https:\/\/www.bbdepatuljak.be\/fr\/photos\/\">Galerie<\/a><\/li><li id=\"menu-item-387\"><a href=\"https:\/\/www.bbdepatuljak.be\/fr\/contact\/\">Contact<\/a><\/li><li id=\"menu-item-wpml-ls-15-fr\"><a title=\"Passer \u00e0 \" href=\"https:\/\/www.bbdepatuljak.be\/fr\/\"><img decoding=\"async\" src=\"https:\/\/www.bbdepatuljak.be\/wp-content\/plugins\/sitepress-multilingual-cms\/res\/flags\/fr.svg\"\n            alt=\"Fran\u00e7ais\"\n    \/><\/a><ul>\t<li id=\"menu-item-wpml-ls-15-nl\"><a title=\"Passer \u00e0 \" href=\"https:\/\/www.bbdepatuljak.be\/\"><img decoding=\"async\" src=\"https:\/\/www.bbdepatuljak.be\/wp-content\/plugins\/sitepress-multilingual-cms\/res\/flags\/nl.svg\"\n            alt=\"N\u00e9erlandais\"\n    \/><\/a><\/li>\t<li id=\"menu-item-wpml-ls-15-en\"><a title=\"Passer \u00e0 \" href=\"https:\/\/www.bbdepatuljak.be\/en\/\"><img decoding=\"async\" src=\"https:\/\/www.bbdepatuljak.be\/wp-content\/plugins\/sitepress-multilingual-cms\/res\/flags\/en.svg\"\n            alt=\"Anglais\"\n    \/><\/a><\/li><\/ul><\/li><\/ul>\t<\/nav>\n\t\t<link itemprop=\"url\" href=\"https:\/\/www.bbdepatuljak.be\"\/>\n\t\t<a itemprop=\"sameAs\" href=\"https:\/\/www.facebook.com\/profile.php?id=61554939263006\" target=\"_blank\" title=\"\" aria-label=\"\" role=\"button\" rel=\"noopener noreferrer external\">\n\t\t\t\t\t<\/a>\n\t\t<link itemprop=\"url\" href=\"https:\/\/www.bbdepatuljak.be\"\/>\n\t\t<a itemprop=\"sameAs\" href=\"#\" target=\"_self\" title=\"\" aria-label=\"\" role=\"button\">\n\t\t\t\t\t<\/a>\n\t\t\t\t\t\t\t\t\t<img loading=\"lazy\" decoding=\"async\" src=\"https:\/\/www.bbdepatuljak.be\/wp-content\/uploads\/2023\/12\/white_logo_transparent_background.png\" alt=\"white_logo_transparent_background\" itemprop=\"image\" height=\"1875\" width=\"3125\" srcset=\"https:\/\/www.bbdepatuljak.be\/wp-content\/uploads\/2023\/12\/white_logo_transparent_background.png 3125w, https:\/\/www.bbdepatuljak.be\/wp-content\/uploads\/2023\/12\/white_logo_transparent_background-300x180.png 300w, https:\/\/www.bbdepatuljak.be\/wp-content\/uploads\/2023\/12\/white_logo_transparent_background-1024x614.png 1024w, https:\/\/www.bbdepatuljak.be\/wp-content\/uploads\/2023\/12\/white_logo_transparent_background-768x461.png 768w, https:\/\/www.bbdepatuljak.be\/wp-content\/uploads\/2023\/12\/white_logo_transparent_background-1536x922.png 1536w, https:\/\/www.bbdepatuljak.be\/wp-content\/uploads\/2023\/12\/white_logo_transparent_background-2048x1229.png 2048w\" sizes=\"auto, (max-width: 3125px) 100vw, 3125px\" title=\"white_logo_transparent_background\" onerror=\"this.style.display='none'\"  \/>\n\t\t\t<a href=\"https:\/\/www.bbdepatuljak.be\/fr\/reservation\/\" target=\"_self\">\n\t\t\t\t\t\t\tr\u00e9servez votre s\u00e9jour\n\t\t\t\t\t<\/a>\n\t<h2>Hello<\/h2>\n\t<p>Nous sommes Wendy et Benjamin, originaires de Flandre orientale, et depuis le 1er f\u00e9vrier 2024, nous avons commenc\u00e9 notre nouvelle aventure en tant que propri\u00e9taires de ce B&amp;B joliment r\u00e9nov\u00e9, construit \u00e0 l&rsquo;origine en 1734.<\/p>\n<p>Mis \u00e0 part quelques ajustements dans la d\u00e9coration, le B&amp;B vous accueille tel qu&rsquo;il a \u00e9t\u00e9 fond\u00e9 et est d\u00e9j\u00e0 connu par beaucoup. Nous garderons \u00e9galement le nom \u00ab\u00a0De Patuljak\u00a0\u00bb (en croate pour gnome), car le g\u00eete provient de la r\u00e9gion des gnomes (La Chouffe).<\/p>\n<p>Nous ajouterons progressivement notre touche personnelle, tout en conservant autant que possible les \u00e9l\u00e9ments d&rsquo;origine. Nous sommes bien \u00e9videmment \u00e0 l&rsquo;\u00e9coute de tous vos conseils !<\/p>\n\t<h2>un s\u00e9jour unique<\/h2>\n\t<p>Nous vous accueillons dans des chambres spacieuses et joliment meubl\u00e9es o\u00f9 vous pourrez profiter de tout le confort.<\/p>\n<p>Chaque chambre poss\u00e8de sa propre salle de bain avec douche, WC, lavabo, serviettes et vous dormez dans des lits de qualit\u00e9.<\/p>\n<p>Le matin, vous pourrez savourer un petit-d\u00e9jeuner copieux dans la salle pr\u00e9vue \u00e0 cet effet. Pour ceux qui aiment pr\u00e9parer leur propre repas, il y a \u00e9galement une plaque \u00e0 induction dans la cuisine\/salle de petit-d\u00e9jeuner.<\/p>\n\t<p>Au premier \u00e9tage, vous retrouverez un coin salon confortable avec TV et lecteur DVD. Il est toujours agr\u00e9able d&rsquo;y s\u00e9journer dans l&rsquo;honesty bar avec billard, fl\u00e9chettes, jeux de cartes, etc. Le po\u00eale \u00e0 granul\u00e9s est \u00e9galement accessible pour r\u00e9chauffer vos soir\u00e9es.<\/p>\n<p>Un local \u00e0 v\u00e9los et \u00e0 motos (avec syst\u00e8me de fermeture) ainsi qu&rsquo;un espace d&rsquo;arrosage sont \u00e0 votre disposition. \u00c0 l&rsquo;ext\u00e9rieur, vous pourrez profiter d&rsquo;une des terrasses ou, pour ceux qui pr\u00e9f\u00e8rent quelque chose de plus actif, comme une partie de p\u00e9tanque.<\/p>\n<p>Le B&amp;B peut \u00eatre lou\u00e9 comme maison de vacances.<\/p>\n<p>Votre animal de compagnie est \u00e9galement le bienvenu chez nous.<\/p>\n\t\t\t<a href=\"https:\/\/www.bbdepatuljak.be\/fr\/reservation\/\" target=\"_self\">\n\t\t\t\t\t\t\tr\u00e9servez votre s\u00e9jour\n\t\t\t\t\t<\/a>\n\t\t\t\t\t\t\t\t\t<img loading=\"lazy\" decoding=\"async\" src=\"https:\/\/www.bbdepatuljak.be\/wp-content\/uploads\/bb-plugin\/cache\/20250306_162535-scaled-square.jpg\" alt=\"Pooltafel aan bar\" itemprop=\"image\" height=\"1920\" width=\"2560\" title=\"20250306_162535\" onerror=\"this.style.display='none'\"  \/>\n\t\t\t\t\t\t\t\t\t<img loading=\"lazy\" decoding=\"async\" src=\"https:\/\/www.bbdepatuljak.be\/wp-content\/uploads\/bb-plugin\/cache\/20250419_164614-scaled-square.jpg\" alt=\"20250419_164614\" itemprop=\"image\" height=\"2560\" width=\"1920\" title=\"20250419_164614\" onerror=\"this.style.display='none'\"  \/>\n\t\t\t\t\t\t\t\t\t<img loading=\"lazy\" decoding=\"async\" src=\"https:\/\/www.bbdepatuljak.be\/wp-content\/uploads\/bb-plugin\/cache\/20250306_162646-scaled-square.jpg\" alt=\"Deze ruimte beschikt over een tv, dvd speler\" itemprop=\"image\" height=\"1920\" width=\"2560\" title=\"20250306_162646\" onerror=\"this.style.display='none'\"  \/>\n\t<h2>r\u00e9servations<\/h2>\n\t\t\t<a href=\"https:\/\/www.bbdepatuljak.be\/fr\/reservation\/\" target=\"_self\">\n\t\t\t\t\t\t\ten ligne\n\t\t\t\t\t<\/a>\n\t\t\t<a href=\"mailto:info.depatuljak@gmail.com\" target=\"_self\">\n\t\t\t\t\t\t\tpar mail\n\t\t\t\t\t<\/a>\n\t\t\t\t\t\t\t\t\t<img loading=\"lazy\" decoding=\"async\" src=\"https:\/\/www.bbdepatuljak.be\/wp-content\/uploads\/2023\/12\/logo-1.png\" alt=\"logo-1\" itemprop=\"image\" height=\"1667\" width=\"2075\" srcset=\"https:\/\/www.bbdepatuljak.be\/wp-content\/uploads\/2023\/12\/logo-1.png 2075w, https:\/\/www.bbdepatuljak.be\/wp-content\/uploads\/2023\/12\/logo-1-300x241.png 300w, https:\/\/www.bbdepatuljak.be\/wp-content\/uploads\/2023\/12\/logo-1-1024x823.png 1024w, https:\/\/www.bbdepatuljak.be\/wp-content\/uploads\/2023\/12\/logo-1-768x617.png 768w, https:\/\/www.bbdepatuljak.be\/wp-content\/uploads\/2023\/12\/logo-1-1536x1234.png 1536w, https:\/\/www.bbdepatuljak.be\/wp-content\/uploads\/2023\/12\/logo-1-2048x1645.png 2048w\" sizes=\"auto, (max-width: 2075px) 100vw, 2075px\" title=\"logo-1\" onerror=\"this.style.display='none'\"  \/>\n\t<p>B&amp;B DE PATULJAK<\/p>\n\tMont, 34\/1<br \/>\n6661 Houffalize\n\t<p><a href=\"mailto:info.depatuljak@gmail.com\">info.depatuljak@gmail.com<\/a><\/p>\n0494 055 049\n\t<p>ch\u00e8que cadeau<\/p>\n\t<p>envoyez un email \u00e0<\/p>\n\t<p><a href=\"mailto:info.depatuljak@gmail.com\">info.depatuljak@gmail.com<\/a><\/p>\n\t<a href=\"https:\/\/www.bbdepatuljak.be\/fr\/conditionsgenerales\/\">Conditions g\u00e9n\u00e9rales<\/a><br \/>\n<a href=\"https:\/\/www.bbdepatuljak.be\/fr\/privacyverklaring\/\">Politique de confidentialit\u00e9<\/a>\n\t\t<link itemprop=\"url\" href=\"https:\/\/www.bbdepatuljak.be\"\/>\n\t\t<a itemprop=\"sameAs\" href=\"https:\/\/www.facebook.com\/profile.php?id=61554939263006\" target=\"_blank\" title=\"\" aria-label=\"\" role=\"button\" rel=\"noopener noreferrer external\">\n\t\t\t\t\t<\/a>\n\t\t<link itemprop=\"url\" href=\"https:\/\/www.bbdepatuljak.be\"\/>\n\t\t<a itemprop=\"sameAs\" href=\"#\" target=\"_self\" title=\"\" aria-label=\"\" role=\"button\">\n\t\t\t\t\t<\/a>\n\t<p>design by <a target=\"_blank\" href=\"https:\/\/www.weneedweb.be\/\">weneedweb<\/a><\/p>\n\n","protected":false},"excerpt":{"rendered":"<p>Accueil Tarifs Petit-d\u00e9jeuner R\u00e9servation Actus Galerie Contact r\u00e9servez votre s\u00e9jour Hello Nous sommes Wendy et Benjamin, originaires de Flandre orientale, et depuis le 1er f\u00e9vrier 2024, nous avons commenc\u00e9 notre nouvelle aventure en tant que propri\u00e9taires de ce B&amp;B joliment r\u00e9nov\u00e9, construit \u00e0 l&rsquo;origine en 1734. Mis \u00e0 part quelques ajustements dans la d\u00e9coration, le&hellip;<\/p>\n","protected":false},"author":1,"featured_media":0,"parent":0,"menu_order":0,"comment_status":"closed","ping_status":"closed","template":"tpl-no-header-footer.php","meta":{"footnotes":""},"class_list":["post-318","page","type-page","status-publish","hentry"],"yoast_head":"<!-- This site is optimized with the Yoast SEO plugin v27.1.1 - https:\/\/yoast.com\/product\/yoast-seo-wordpress\/ -->\n<title>De Patuljak B&amp;B \u00e0 Houffalize<\/title>\n<meta name=\"description\" content=\"D\u00e9couvrez le charme du B&amp;B De Patuljak. Profitez de chambres spacieuses, chacune avec salle de bain priv\u00e9e et lits de qualit\u00e9. D\u00e9couvrez la convivialit\u00e9 de notre Honesty Bar et profitez des terrasses, du terrain de p\u00e9tanque et bien plus encore \u00e0 l&#039;ext\u00e9rieur. Les animaux de compagnie sont les bienvenus\u00a0!\" \/>\n<meta name=\"robots\" content=\"index, follow, max-snippet:-1, max-image-preview:large, max-video-preview:-1\" \/>\n<link rel=\"canonical\" href=\"https:\/\/www.bbdepatuljak.be\/fr\/\" \/>\n<meta property=\"og:locale\" content=\"fr_FR\" \/>\n<meta property=\"og:type\" content=\"article\" \/>\n<meta property=\"og:title\" content=\"De Patuljak B&amp;B \u00e0 Houffalize\" \/>\n<meta property=\"og:description\" content=\"D\u00e9couvrez le charme du B&amp;B De Patuljak. Profitez de chambres spacieuses, chacune avec salle de bain priv\u00e9e et lits de qualit\u00e9. D\u00e9couvrez la convivialit\u00e9 de notre Honesty Bar et profitez des terrasses, du terrain de p\u00e9tanque et bien plus encore \u00e0 l&#039;ext\u00e9rieur. Les animaux de compagnie sont les bienvenus\u00a0!\" \/>\n<meta property=\"og:url\" content=\"https:\/\/www.bbdepatuljak.be\/fr\/\" \/>\n<meta property=\"og:site_name\" content=\"De Patuljak\" \/>\n<meta property=\"article:modified_time\" content=\"2025-10-21T16:42:07+00:00\" \/>\n<meta property=\"og:image\" content=\"https:\/\/www.bbdepatuljak.be\/wp-content\/uploads\/2023\/12\/BB_Favicon.png\" \/>\n<meta name=\"twitter:card\" content=\"summary_large_image\" \/>\n<meta name=\"twitter:label1\" content=\"Dur\u00e9e de lecture estim\u00e9e\" \/>\n\t<meta name=\"twitter:data1\" content=\"3 minutes\" \/>\n<script type=\"application\/ld+json\" class=\"yoast-schema-graph\">{\"@context\":\"https:\/\/schema.org\",\"@graph\":[{\"@type\":\"WebPage\",\"@id\":\"https:\/\/www.bbdepatuljak.be\/fr\/\",\"url\":\"https:\/\/www.bbdepatuljak.be\/fr\/\",\"name\":\"De Patuljak B&B \u00e0 Houffalize\",\"isPartOf\":{\"@id\":\"https:\/\/www.bbdepatuljak.be\/fr\/#website\"},\"primaryImageOfPage\":{\"@id\":\"https:\/\/www.bbdepatuljak.be\/fr\/#primaryimage\"},\"image\":{\"@id\":\"https:\/\/www.bbdepatuljak.be\/fr\/#primaryimage\"},\"thumbnailUrl\":\"https:\/\/www.bbdepatuljak.be\/wp-content\/uploads\/2023\/12\/BB_Favicon.png\",\"datePublished\":\"2023-12-19T21:09:20+00:00\",\"dateModified\":\"2025-10-21T16:42:07+00:00\",\"description\":\"D\u00e9couvrez le charme du B&B De Patuljak. Profitez de chambres spacieuses, chacune avec salle de bain priv\u00e9e et lits de qualit\u00e9. D\u00e9couvrez la convivialit\u00e9 de notre Honesty Bar et profitez des terrasses, du terrain de p\u00e9tanque et bien plus encore \u00e0 l'ext\u00e9rieur. Les animaux de compagnie sont les bienvenus\u00a0!\",\"breadcrumb\":{\"@id\":\"https:\/\/www.bbdepatuljak.be\/fr\/#breadcrumb\"},\"inLanguage\":\"fr-FR\",\"potentialAction\":[{\"@type\":\"ReadAction\",\"target\":[\"https:\/\/www.bbdepatuljak.be\/fr\/\"]}]},{\"@type\":\"ImageObject\",\"inLanguage\":\"fr-FR\",\"@id\":\"https:\/\/www.bbdepatuljak.be\/fr\/#primaryimage\",\"url\":\"https:\/\/www.bbdepatuljak.be\/wp-content\/uploads\/2023\/12\/BB_Favicon.png\",\"contentUrl\":\"https:\/\/www.bbdepatuljak.be\/wp-content\/uploads\/2023\/12\/BB_Favicon.png\"},{\"@type\":\"BreadcrumbList\",\"@id\":\"https:\/\/www.bbdepatuljak.be\/fr\/#breadcrumb\",\"itemListElement\":[{\"@type\":\"ListItem\",\"position\":1,\"name\":\"Accueil\",\"item\":\"https:\/\/www.bbdepatuljak.be\/fr\/\"},{\"@type\":\"ListItem\",\"position\":2,\"name\":\"Homepage\"}]},{\"@type\":\"WebSite\",\"@id\":\"https:\/\/www.bbdepatuljak.be\/fr\/#website\",\"url\":\"https:\/\/www.bbdepatuljak.be\/fr\/\",\"name\":\"De Patuljak\",\"description\":\"Un site utilisant WordPress\",\"potentialAction\":[{\"@type\":\"SearchAction\",\"target\":{\"@type\":\"EntryPoint\",\"urlTemplate\":\"https:\/\/www.bbdepatuljak.be\/fr\/?s={search_term_string}\"},\"query-input\":{\"@type\":\"PropertyValueSpecification\",\"valueRequired\":true,\"valueName\":\"search_term_string\"}}],\"inLanguage\":\"fr-FR\"}]}<\/script>\n<!-- \/ Yoast SEO plugin. -->","yoast_head_json":{"title":"De Patuljak B&B \u00e0 Houffalize","description":"D\u00e9couvrez le charme du B&B De Patuljak. Profitez de chambres spacieuses, chacune avec salle de bain priv\u00e9e et lits de qualit\u00e9. D\u00e9couvrez la convivialit\u00e9 de notre Honesty Bar et profitez des terrasses, du terrain de p\u00e9tanque et bien plus encore \u00e0 l'ext\u00e9rieur. Les animaux de compagnie sont les bienvenus\u00a0!","robots":{"index":"index","follow":"follow","max-snippet":"max-snippet:-1","max-image-preview":"max-image-preview:large","max-video-preview":"max-video-preview:-1"},"canonical":"https:\/\/www.bbdepatuljak.be\/fr\/","og_locale":"fr_FR","og_type":"article","og_title":"De Patuljak B&B \u00e0 Houffalize","og_description":"D\u00e9couvrez le charme du B&B De Patuljak. Profitez de chambres spacieuses, chacune avec salle de bain priv\u00e9e et lits de qualit\u00e9. D\u00e9couvrez la convivialit\u00e9 de notre Honesty Bar et profitez des terrasses, du terrain de p\u00e9tanque et bien plus encore \u00e0 l'ext\u00e9rieur. Les animaux de compagnie sont les bienvenus\u00a0!","og_url":"https:\/\/www.bbdepatuljak.be\/fr\/","og_site_name":"De Patuljak","article_modified_time":"2025-10-21T16:42:07+00:00","og_image":[{"url":"https:\/\/www.bbdepatuljak.be\/wp-content\/uploads\/2023\/12\/BB_Favicon.png","type":"","width":"","height":""}],"twitter_card":"summary_large_image","twitter_misc":{"Dur\u00e9e de lecture estim\u00e9e":"3 minutes"},"schema":{"@context":"https:\/\/schema.org","@graph":[{"@type":"WebPage","@id":"https:\/\/www.bbdepatuljak.be\/fr\/","url":"https:\/\/www.bbdepatuljak.be\/fr\/","name":"De Patuljak B&B \u00e0 Houffalize","isPartOf":{"@id":"https:\/\/www.bbdepatuljak.be\/fr\/#website"},"primaryImageOfPage":{"@id":"https:\/\/www.bbdepatuljak.be\/fr\/#primaryimage"},"image":{"@id":"https:\/\/www.bbdepatuljak.be\/fr\/#primaryimage"},"thumbnailUrl":"https:\/\/www.bbdepatuljak.be\/wp-content\/uploads\/2023\/12\/BB_Favicon.png","datePublished":"2023-12-19T21:09:20+00:00","dateModified":"2025-10-21T16:42:07+00:00","description":"D\u00e9couvrez le charme du B&B De Patuljak. Profitez de chambres spacieuses, chacune avec salle de bain priv\u00e9e et lits de qualit\u00e9. D\u00e9couvrez la convivialit\u00e9 de notre Honesty Bar et profitez des terrasses, du terrain de p\u00e9tanque et bien plus encore \u00e0 l'ext\u00e9rieur. Les animaux de compagnie sont les bienvenus\u00a0!","breadcrumb":{"@id":"https:\/\/www.bbdepatuljak.be\/fr\/#breadcrumb"},"inLanguage":"fr-FR","potentialAction":[{"@type":"ReadAction","target":["https:\/\/www.bbdepatuljak.be\/fr\/"]}]},{"@type":"ImageObject","inLanguage":"fr-FR","@id":"https:\/\/www.bbdepatuljak.be\/fr\/#primaryimage","url":"https:\/\/www.bbdepatuljak.be\/wp-content\/uploads\/2023\/12\/BB_Favicon.png","contentUrl":"https:\/\/www.bbdepatuljak.be\/wp-content\/uploads\/2023\/12\/BB_Favicon.png"},{"@type":"BreadcrumbList","@id":"https:\/\/www.bbdepatuljak.be\/fr\/#breadcrumb","itemListElement":[{"@type":"ListItem","position":1,"name":"Accueil","item":"https:\/\/www.bbdepatuljak.be\/fr\/"},{"@type":"ListItem","position":2,"name":"Homepage"}]},{"@type":"WebSite","@id":"https:\/\/www.bbdepatuljak.be\/fr\/#website","url":"https:\/\/www.bbdepatuljak.be\/fr\/","name":"De Patuljak","description":"Un site utilisant WordPress","potentialAction":[{"@type":"SearchAction","target":{"@type":"EntryPoint","urlTemplate":"https:\/\/www.bbdepatuljak.be\/fr\/?s={search_term_string}"},"query-input":{"@type":"PropertyValueSpecification","valueRequired":true,"valueName":"search_term_string"}}],"inLanguage":"fr-FR"}]}},"_links":{"self":[{"href":"https:\/\/www.bbdepatuljak.be\/fr\/wp-json\/wp\/v2\/pages\/318","targetHints":{"allow":["GET"]}}],"collection":[{"href":"https:\/\/www.bbdepatuljak.be\/fr\/wp-json\/wp\/v2\/pages"}],"about":[{"href":"https:\/\/www.bbdepatuljak.be\/fr\/wp-json\/wp\/v2\/types\/page"}],"author":[{"embeddable":true,"href":"https:\/\/www.bbdepatuljak.be\/fr\/wp-json\/wp\/v2\/users\/1"}],"replies":[{"embeddable":true,"href":"https:\/\/www.bbdepatuljak.be\/fr\/wp-json\/wp\/v2\/comments?post=318"}],"version-history":[{"count":18,"href":"https:\/\/www.bbdepatuljak.be\/fr\/wp-json\/wp\/v2\/pages\/318\/revisions"}],"predecessor-version":[{"id":1280,"href":"https:\/\/www.bbdepatuljak.be\/fr\/wp-json\/wp\/v2\/pages\/318\/revisions\/1280"}],"wp:attachment":[{"href":"https:\/\/www.bbdepatuljak.be\/fr\/wp-json\/wp\/v2\/media?parent=318"}],"curies":[{"name":"wp","href":"https:\/\/api.w.org\/{rel}","templated":true}]}}