{"id":392,"date":"2024-05-23T21:35:53","date_gmt":"2024-05-23T19:35:53","guid":{"rendered":"https:\/\/www.bbdepatuljak.be\/ontbijt\/"},"modified":"2025-10-21T18:30:14","modified_gmt":"2025-10-21T16:30:14","slug":"petit-dejeuner","status":"publish","type":"page","link":"https:\/\/www.bbdepatuljak.be\/fr\/petit-dejeuner\/","title":{"rendered":"Petit-d\u00e9jeuner"},"content":{"rendered":"\n\n\t\t\t\t\t\t\t\t<a href=\"https:\/\/www.bbdepatuljak.be\/fr\/\" target=\"_self\" itemprop=\"url\">\n\t\t\t\t\t\t\t\t\t<img loading=\"lazy\" decoding=\"async\" src=\"https:\/\/www.bbdepatuljak.be\/wp-content\/uploads\/2023\/12\/BB_Favicon.png\" alt=\"B&amp;B_Favicon\" itemprop=\"image\" height=\"57\" width=\"65\" title=\"B&amp;B_Favicon\" onerror=\"this.style.display='none'\"  \/>\n\t\t\t\t\t\t\t\t\t\t\t\t\t<\/a>\n\t\t\t<button tabindex=\"0\" aria-label=\"Menu\" aria-expanded=\"false\">\n\t\t\t\t\t\t\t<\/button>\n\t<nav aria-label=\"Menu\" itemscope=\"itemscope\" itemtype=\"https:\/\/schema.org\/SiteNavigationElement\">\n\t\t<ul id=\"menu-menu-principal-fr\"><li id=\"menu-item-335\"><a href=\"https:\/\/www.bbdepatuljak.be\/fr\/\">Accueil<\/a><\/li><li id=\"menu-item-359\"><a href=\"https:\/\/www.bbdepatuljak.be\/fr\/tarifs\/\">Tarifs<\/a><\/li><li id=\"menu-item-399\"><a href=\"https:\/\/www.bbdepatuljak.be\/fr\/petit-dejeuner\/\" aria-current=\"page\">Petit-d\u00e9jeuner<\/a><\/li><li id=\"menu-item-638\"><a href=\"https:\/\/www.bbdepatuljak.be\/fr\/reservation\/\">R\u00e9servation<\/a><\/li><li id=\"menu-item-469\"><a href=\"https:\/\/www.bbdepatuljak.be\/fr\/que-faire-a-proximite\/\">Actus<\/a><\/li><li id=\"menu-item-376\"><a href=\"https:\/\/www.bbdepatuljak.be\/fr\/photos\/\">Galerie<\/a><\/li><li id=\"menu-item-387\"><a href=\"https:\/\/www.bbdepatuljak.be\/fr\/contact\/\">Contact<\/a><\/li><li id=\"menu-item-wpml-ls-15-fr\"><a title=\"Passer \u00e0 \" href=\"https:\/\/www.bbdepatuljak.be\/fr\/petit-dejeuner\/\"><img decoding=\"async\" src=\"https:\/\/www.bbdepatuljak.be\/wp-content\/plugins\/sitepress-multilingual-cms\/res\/flags\/fr.svg\"\n            alt=\"Fran\u00e7ais\"\n    \/><\/a><ul>\t<li id=\"menu-item-wpml-ls-15-nl\"><a title=\"Passer \u00e0 \" href=\"https:\/\/www.bbdepatuljak.be\/ontbijt\/\"><img decoding=\"async\" src=\"https:\/\/www.bbdepatuljak.be\/wp-content\/plugins\/sitepress-multilingual-cms\/res\/flags\/nl.svg\"\n            alt=\"N\u00e9erlandais\"\n    \/><\/a><\/li>\t<li id=\"menu-item-wpml-ls-15-en\"><a title=\"Passer \u00e0 \" href=\"https:\/\/www.bbdepatuljak.be\/en\/breakfast\/\"><img decoding=\"async\" src=\"https:\/\/www.bbdepatuljak.be\/wp-content\/plugins\/sitepress-multilingual-cms\/res\/flags\/en.svg\"\n            alt=\"Anglais\"\n    \/><\/a><\/li><\/ul><\/li><\/ul>\t<\/nav>\n\t\t<link itemprop=\"url\" href=\"https:\/\/www.bbdepatuljak.be\"\/>\n\t\t<a itemprop=\"sameAs\" href=\"https:\/\/www.facebook.com\/profile.php?id=61554939263006\" target=\"_blank\" title=\"\" aria-label=\"\" role=\"button\" rel=\"noopener noreferrer external\">\n\t\t\t\t\t<\/a>\n\t\t<link itemprop=\"url\" href=\"https:\/\/www.bbdepatuljak.be\"\/>\n\t\t<a itemprop=\"sameAs\" href=\"#\" target=\"_self\" title=\"\" aria-label=\"\" role=\"button\">\n\t\t\t\t\t<\/a>\n\t<h1>Petit-d\u00e9jeuner<\/h1>\n\t\t\t<a href=\"https:\/\/www.bbdepatuljak.be\/fr\/reservation\/\" target=\"_self\">\n\t\t\t\t\t\t\tr\u00e9servez votre s\u00e9jour\n\t\t\t\t\t<\/a>\n\t<p>Le petit-d\u00e9jeuner est servi de <strong>9h \u00e0 11h<\/strong><\/p>\n<p>Un petit-d\u00e9jeuner plus t\u00f4t est possible, mais ensuite tout sera pr\u00e9par\u00e9 la veille.<\/p>\n\t<h2>menu<\/h2>\n\t<ul>\n<li>Pain<\/li>\n<li>Petits pains<\/li>\n<li>Jambon<\/li>\n<li>Fromage jeune<\/li>\n<li>Fromage \u00ab\u00a0Mont lait fleuri\u00a0\u00bb<\/li>\n<li>Chocolat<\/li>\n<li>Confiture<\/li>\n<li>Yaourt<\/li>\n<li>Muesli<\/li>\n<li>Gruau<\/li>\n<li>Fruit frais<\/li>\n<li>Jus de fruits frais<\/li>\n<li>\u0152ufs ou p\u00e2tisseries<\/li>\n<li>Pain perdu (sur demande)<\/li>\n<li>Haricots blancs \u00e0 la sauce tomate (sur demande)<\/li>\n<li>Petit saucisses (sur demande)<\/li>\n<li>P\u00e2tes (sur demande)<\/li>\n<\/ul>\n<ul>\n<li>Caf\u00e9<\/li>\n<li>Th\u00e9<\/li>\n<li>Lait au chocolat<\/li>\n<li>Jus d&rsquo;orange<\/li>\n<\/ul>\n\t<h2>r\u00e9servations<\/h2>\n\t\t\t<a href=\"https:\/\/www.bbdepatuljak.be\/fr\/reservation\/\" target=\"_self\">\n\t\t\t\t\t\t\ten ligne\n\t\t\t\t\t<\/a>\n\t\t\t<a href=\"mailto:info.depatuljak@gmail.com\" target=\"_self\">\n\t\t\t\t\t\t\tpar mail\n\t\t\t\t\t<\/a>\n\t\t\t\t\t\t\t\t\t<img loading=\"lazy\" decoding=\"async\" src=\"https:\/\/www.bbdepatuljak.be\/wp-content\/uploads\/2023\/12\/logo-1.png\" alt=\"logo-1\" itemprop=\"image\" height=\"1667\" width=\"2075\" srcset=\"https:\/\/www.bbdepatuljak.be\/wp-content\/uploads\/2023\/12\/logo-1.png 2075w, https:\/\/www.bbdepatuljak.be\/wp-content\/uploads\/2023\/12\/logo-1-300x241.png 300w, https:\/\/www.bbdepatuljak.be\/wp-content\/uploads\/2023\/12\/logo-1-1024x823.png 1024w, https:\/\/www.bbdepatuljak.be\/wp-content\/uploads\/2023\/12\/logo-1-768x617.png 768w, https:\/\/www.bbdepatuljak.be\/wp-content\/uploads\/2023\/12\/logo-1-1536x1234.png 1536w, https:\/\/www.bbdepatuljak.be\/wp-content\/uploads\/2023\/12\/logo-1-2048x1645.png 2048w\" sizes=\"auto, (max-width: 2075px) 100vw, 2075px\" title=\"logo-1\" onerror=\"this.style.display='none'\"  \/>\n\t<p>B&amp;B DE PATULJAK<\/p>\n\tMont, 34\/1<br \/>\n6661 Houffalize\n\t<p><a href=\"mailto:info.depatuljak@gmail.com\">info.depatuljak@gmail.com<\/a><\/p>\n0494 055 049\n\t<p>ch\u00e8que cadeau<\/p>\n\t<p>envoyez un email \u00e0<\/p>\n\t<p><a href=\"mailto:info.depatuljak@gmail.com\">info.depatuljak@gmail.com<\/a><\/p>\n\t<a href=\"https:\/\/www.bbdepatuljak.be\/fr\/conditionsgenerales\/\">Conditions g\u00e9n\u00e9rales<\/a><br \/>\n<a href=\"https:\/\/www.bbdepatuljak.be\/fr\/privacyverklaring\/\">Politique de confidentialit\u00e9<\/a>\n\t\t<link itemprop=\"url\" href=\"https:\/\/www.bbdepatuljak.be\"\/>\n\t\t<a itemprop=\"sameAs\" href=\"https:\/\/www.facebook.com\/profile.php?id=61554939263006\" target=\"_blank\" title=\"\" aria-label=\"\" role=\"button\" rel=\"noopener noreferrer external\">\n\t\t\t\t\t<\/a>\n\t\t<link itemprop=\"url\" href=\"https:\/\/www.bbdepatuljak.be\"\/>\n\t\t<a itemprop=\"sameAs\" href=\"#\" target=\"_self\" title=\"\" aria-label=\"\" role=\"button\">\n\t\t\t\t\t<\/a>\n\t<p>design by <a target=\"_blank\" href=\"https:\/\/www.weneedweb.be\/\">weneedweb<\/a><\/p>\n\n","protected":false},"excerpt":{"rendered":"<p>Accueil Tarifs Petit-d\u00e9jeuner R\u00e9servation Actus Galerie Contact Petit-d\u00e9jeuner r\u00e9servez votre s\u00e9jour Le petit-d\u00e9jeuner est servi de 9h \u00e0 11h Un petit-d\u00e9jeuner plus t\u00f4t est possible, mais ensuite tout sera pr\u00e9par\u00e9 la veille. menu Pain Petits pains Jambon Fromage jeune Fromage \u00ab\u00a0Mont lait fleuri\u00a0\u00bb Chocolat Confiture Yaourt Muesli Gruau Fruit frais Jus de fruits frais \u0152ufs&hellip;<\/p>\n","protected":false},"author":1,"featured_media":0,"parent":0,"menu_order":0,"comment_status":"closed","ping_status":"closed","template":"tpl-no-header-footer.php","meta":{"footnotes":""},"class_list":["post-392","page","type-page","status-publish","hentry"],"yoast_head":"<!-- This site is optimized with the Yoast SEO plugin v27.1.1 - https:\/\/yoast.com\/product\/yoast-seo-wordpress\/ -->\n<title>Petit-d\u00e9jeuner chez De Patuljak B&amp;B \u00e0 Houffalize<\/title>\n<meta name=\"description\" content=\"Profitez d\u2019un petit d\u00e9jeuner d\u00e9licieux au B&amp;B De Patuljak\" \/>\n<meta name=\"robots\" content=\"index, follow, max-snippet:-1, max-image-preview:large, max-video-preview:-1\" \/>\n<link rel=\"canonical\" href=\"https:\/\/www.bbdepatuljak.be\/fr\/petit-dejeuner\/\" \/>\n<meta property=\"og:locale\" content=\"fr_FR\" \/>\n<meta property=\"og:type\" content=\"article\" \/>\n<meta property=\"og:title\" content=\"Petit-d\u00e9jeuner chez De Patuljak B&amp;B \u00e0 Houffalize\" \/>\n<meta property=\"og:description\" content=\"Profitez d\u2019un petit d\u00e9jeuner d\u00e9licieux au B&amp;B De Patuljak\" \/>\n<meta property=\"og:url\" content=\"https:\/\/www.bbdepatuljak.be\/fr\/petit-dejeuner\/\" \/>\n<meta property=\"og:site_name\" content=\"De Patuljak\" \/>\n<meta property=\"article:modified_time\" content=\"2025-10-21T16:30:14+00:00\" \/>\n<meta property=\"og:image\" content=\"https:\/\/www.bbdepatuljak.be\/wp-content\/uploads\/2023\/12\/BB_Favicon.png\" \/>\n<meta name=\"twitter:card\" content=\"summary_large_image\" \/>\n<meta name=\"twitter:label1\" content=\"Dur\u00e9e de lecture estim\u00e9e\" \/>\n\t<meta name=\"twitter:data1\" content=\"1 minute\" \/>\n<script type=\"application\/ld+json\" class=\"yoast-schema-graph\">{\"@context\":\"https:\/\/schema.org\",\"@graph\":[{\"@type\":\"WebPage\",\"@id\":\"https:\/\/www.bbdepatuljak.be\/fr\/petit-dejeuner\/\",\"url\":\"https:\/\/www.bbdepatuljak.be\/fr\/petit-dejeuner\/\",\"name\":\"Petit-d\u00e9jeuner chez De Patuljak B&B \u00e0 Houffalize\",\"isPartOf\":{\"@id\":\"https:\/\/www.bbdepatuljak.be\/fr\/#website\"},\"primaryImageOfPage\":{\"@id\":\"https:\/\/www.bbdepatuljak.be\/fr\/petit-dejeuner\/#primaryimage\"},\"image\":{\"@id\":\"https:\/\/www.bbdepatuljak.be\/fr\/petit-dejeuner\/#primaryimage\"},\"thumbnailUrl\":\"https:\/\/www.bbdepatuljak.be\/wp-content\/uploads\/2023\/12\/BB_Favicon.png\",\"datePublished\":\"2024-05-23T19:35:53+00:00\",\"dateModified\":\"2025-10-21T16:30:14+00:00\",\"description\":\"Profitez d\u2019un petit d\u00e9jeuner d\u00e9licieux au B&B De Patuljak\",\"breadcrumb\":{\"@id\":\"https:\/\/www.bbdepatuljak.be\/fr\/petit-dejeuner\/#breadcrumb\"},\"inLanguage\":\"fr-FR\",\"potentialAction\":[{\"@type\":\"ReadAction\",\"target\":[\"https:\/\/www.bbdepatuljak.be\/fr\/petit-dejeuner\/\"]}]},{\"@type\":\"ImageObject\",\"inLanguage\":\"fr-FR\",\"@id\":\"https:\/\/www.bbdepatuljak.be\/fr\/petit-dejeuner\/#primaryimage\",\"url\":\"https:\/\/www.bbdepatuljak.be\/wp-content\/uploads\/2023\/12\/BB_Favicon.png\",\"contentUrl\":\"https:\/\/www.bbdepatuljak.be\/wp-content\/uploads\/2023\/12\/BB_Favicon.png\"},{\"@type\":\"BreadcrumbList\",\"@id\":\"https:\/\/www.bbdepatuljak.be\/fr\/petit-dejeuner\/#breadcrumb\",\"itemListElement\":[{\"@type\":\"ListItem\",\"position\":1,\"name\":\"Accueil\",\"item\":\"https:\/\/www.bbdepatuljak.be\/fr\/\"},{\"@type\":\"ListItem\",\"position\":2,\"name\":\"Petit-d\u00e9jeuner\"}]},{\"@type\":\"WebSite\",\"@id\":\"https:\/\/www.bbdepatuljak.be\/fr\/#website\",\"url\":\"https:\/\/www.bbdepatuljak.be\/fr\/\",\"name\":\"De Patuljak\",\"description\":\"Un site utilisant WordPress\",\"potentialAction\":[{\"@type\":\"SearchAction\",\"target\":{\"@type\":\"EntryPoint\",\"urlTemplate\":\"https:\/\/www.bbdepatuljak.be\/fr\/?s={search_term_string}\"},\"query-input\":{\"@type\":\"PropertyValueSpecification\",\"valueRequired\":true,\"valueName\":\"search_term_string\"}}],\"inLanguage\":\"fr-FR\"}]}<\/script>\n<!-- \/ Yoast SEO plugin. -->","yoast_head_json":{"title":"Petit-d\u00e9jeuner chez De Patuljak B&B \u00e0 Houffalize","description":"Profitez d\u2019un petit d\u00e9jeuner d\u00e9licieux au B&B De Patuljak","robots":{"index":"index","follow":"follow","max-snippet":"max-snippet:-1","max-image-preview":"max-image-preview:large","max-video-preview":"max-video-preview:-1"},"canonical":"https:\/\/www.bbdepatuljak.be\/fr\/petit-dejeuner\/","og_locale":"fr_FR","og_type":"article","og_title":"Petit-d\u00e9jeuner chez De Patuljak B&B \u00e0 Houffalize","og_description":"Profitez d\u2019un petit d\u00e9jeuner d\u00e9licieux au B&B De Patuljak","og_url":"https:\/\/www.bbdepatuljak.be\/fr\/petit-dejeuner\/","og_site_name":"De Patuljak","article_modified_time":"2025-10-21T16:30:14+00:00","og_image":[{"url":"https:\/\/www.bbdepatuljak.be\/wp-content\/uploads\/2023\/12\/BB_Favicon.png","type":"","width":"","height":""}],"twitter_card":"summary_large_image","twitter_misc":{"Dur\u00e9e de lecture estim\u00e9e":"1 minute"},"schema":{"@context":"https:\/\/schema.org","@graph":[{"@type":"WebPage","@id":"https:\/\/www.bbdepatuljak.be\/fr\/petit-dejeuner\/","url":"https:\/\/www.bbdepatuljak.be\/fr\/petit-dejeuner\/","name":"Petit-d\u00e9jeuner chez De Patuljak B&B \u00e0 Houffalize","isPartOf":{"@id":"https:\/\/www.bbdepatuljak.be\/fr\/#website"},"primaryImageOfPage":{"@id":"https:\/\/www.bbdepatuljak.be\/fr\/petit-dejeuner\/#primaryimage"},"image":{"@id":"https:\/\/www.bbdepatuljak.be\/fr\/petit-dejeuner\/#primaryimage"},"thumbnailUrl":"https:\/\/www.bbdepatuljak.be\/wp-content\/uploads\/2023\/12\/BB_Favicon.png","datePublished":"2024-05-23T19:35:53+00:00","dateModified":"2025-10-21T16:30:14+00:00","description":"Profitez d\u2019un petit d\u00e9jeuner d\u00e9licieux au B&B De Patuljak","breadcrumb":{"@id":"https:\/\/www.bbdepatuljak.be\/fr\/petit-dejeuner\/#breadcrumb"},"inLanguage":"fr-FR","potentialAction":[{"@type":"ReadAction","target":["https:\/\/www.bbdepatuljak.be\/fr\/petit-dejeuner\/"]}]},{"@type":"ImageObject","inLanguage":"fr-FR","@id":"https:\/\/www.bbdepatuljak.be\/fr\/petit-dejeuner\/#primaryimage","url":"https:\/\/www.bbdepatuljak.be\/wp-content\/uploads\/2023\/12\/BB_Favicon.png","contentUrl":"https:\/\/www.bbdepatuljak.be\/wp-content\/uploads\/2023\/12\/BB_Favicon.png"},{"@type":"BreadcrumbList","@id":"https:\/\/www.bbdepatuljak.be\/fr\/petit-dejeuner\/#breadcrumb","itemListElement":[{"@type":"ListItem","position":1,"name":"Accueil","item":"https:\/\/www.bbdepatuljak.be\/fr\/"},{"@type":"ListItem","position":2,"name":"Petit-d\u00e9jeuner"}]},{"@type":"WebSite","@id":"https:\/\/www.bbdepatuljak.be\/fr\/#website","url":"https:\/\/www.bbdepatuljak.be\/fr\/","name":"De Patuljak","description":"Un site utilisant WordPress","potentialAction":[{"@type":"SearchAction","target":{"@type":"EntryPoint","urlTemplate":"https:\/\/www.bbdepatuljak.be\/fr\/?s={search_term_string}"},"query-input":{"@type":"PropertyValueSpecification","valueRequired":true,"valueName":"search_term_string"}}],"inLanguage":"fr-FR"}]}},"_links":{"self":[{"href":"https:\/\/www.bbdepatuljak.be\/fr\/wp-json\/wp\/v2\/pages\/392","targetHints":{"allow":["GET"]}}],"collection":[{"href":"https:\/\/www.bbdepatuljak.be\/fr\/wp-json\/wp\/v2\/pages"}],"about":[{"href":"https:\/\/www.bbdepatuljak.be\/fr\/wp-json\/wp\/v2\/types\/page"}],"author":[{"embeddable":true,"href":"https:\/\/www.bbdepatuljak.be\/fr\/wp-json\/wp\/v2\/users\/1"}],"replies":[{"embeddable":true,"href":"https:\/\/www.bbdepatuljak.be\/fr\/wp-json\/wp\/v2\/comments?post=392"}],"version-history":[{"count":9,"href":"https:\/\/www.bbdepatuljak.be\/fr\/wp-json\/wp\/v2\/pages\/392\/revisions"}],"predecessor-version":[{"id":1266,"href":"https:\/\/www.bbdepatuljak.be\/fr\/wp-json\/wp\/v2\/pages\/392\/revisions\/1266"}],"wp:attachment":[{"href":"https:\/\/www.bbdepatuljak.be\/fr\/wp-json\/wp\/v2\/media?parent=392"}],"curies":[{"name":"wp","href":"https:\/\/api.w.org\/{rel}","templated":true}]}}