{"id":415,"date":"2024-05-23T22:07:55","date_gmt":"2024-05-23T20:07:55","guid":{"rendered":"https:\/\/www.bbdepatuljak.be\/verkoopvoorwaarden\/"},"modified":"2024-05-23T22:57:06","modified_gmt":"2024-05-23T20:57:06","slug":"conditionsgenerales","status":"publish","type":"page","link":"https:\/\/www.bbdepatuljak.be\/fr\/conditionsgenerales\/","title":{"rendered":"Conditions g\u00e9n\u00e9rales"},"content":{"rendered":"\n\n\t\t\t\t\t\t\t\t<a href=\"https:\/\/www.bbdepatuljak.be\/fr\/\" target=\"_self\" itemprop=\"url\" rel=\"noopener\">\n\t\t\t\t\t\t\t\t\t<img loading=\"lazy\" decoding=\"async\" src=\"https:\/\/www.bbdepatuljak.be\/wp-content\/uploads\/2023\/12\/BB_Favicon.png\" alt=\"B&amp;B_Favicon\" itemprop=\"image\" height=\"57\" width=\"65\" title=\"B&amp;B_Favicon\" onerror=\"this.style.display='none'\"  \/>\n\t\t\t\t\t\t\t\t\t\t\t\t\t<\/a>\n\t\t\t<button tabindex=\"0\" aria-label=\"Menu\">\n\t\t\t\t\t\t\t<\/button>\n\t<nav aria-label=\"Menu principal FR\" itemscope=\"itemscope\" itemtype=\"https:\/\/schema.org\/SiteNavigationElement\">\n\t\t<ul id=\"menu-menu-principal-fr\"><li id=\"menu-item-335\"><a href=\"https:\/\/www.bbdepatuljak.be\/fr\/\">Accueil<\/a><\/li><li id=\"menu-item-359\"><a href=\"https:\/\/www.bbdepatuljak.be\/fr\/tarifs\/\">Tarifs<\/a><\/li><li id=\"menu-item-399\"><a href=\"https:\/\/www.bbdepatuljak.be\/fr\/petit-dejeuner\/\">Petit-d\u00e9jeuner<\/a><\/li><li id=\"menu-item-376\"><a href=\"https:\/\/www.bbdepatuljak.be\/fr\/photos\/\">Galerie<\/a><\/li><li id=\"menu-item-387\"><a href=\"https:\/\/www.bbdepatuljak.be\/fr\/contact\/\">Contact<\/a><\/li><li id=\"menu-item-wpml-ls-15-fr\"><a href=\"https:\/\/www.bbdepatuljak.be\/fr\/conditionsgenerales\/\"><img decoding=\"async\" src=\"https:\/\/www.bbdepatuljak.be\/wp-content\/plugins\/sitepress-multilingual-cms\/res\/flags\/fr.svg\"\n            alt=\"Fran\u00e7ais\"\n    \/><\/a><ul>\t<li id=\"menu-item-wpml-ls-15-nl\"><a href=\"https:\/\/www.bbdepatuljak.be\/verkoopvoorwaarden\/\"><img decoding=\"async\" src=\"https:\/\/www.bbdepatuljak.be\/wp-content\/plugins\/sitepress-multilingual-cms\/res\/flags\/nl.svg\"\n            alt=\"N\u00e9erlandais\"\n    \/><\/a><\/li>\t<li id=\"menu-item-wpml-ls-15-en\"><a href=\"https:\/\/www.bbdepatuljak.be\/en\/verkoopvoorwaarden\/\"><img decoding=\"async\" src=\"https:\/\/www.bbdepatuljak.be\/wp-content\/plugins\/sitepress-multilingual-cms\/res\/flags\/en.svg\"\n            alt=\"Anglais\"\n    \/><\/a><\/li><\/ul><\/li><\/ul>\n\t\t\t<\/nav>\n\t\t<link itemprop=\"url\" href=\"https:\/\/www.bbdepatuljak.be\"\/>\n\t\t<a itemprop=\"sameAs\" href=\"https:\/\/www.facebook.com\/profile.php?id=61554939263006\" target=\"_blank\" title=\"\" aria-label=\"\" role=\"button\" rel=\"noopener noreferrer external\">\n\t\t\t\t\t<\/a>\n\t\t<link itemprop=\"url\" href=\"https:\/\/www.bbdepatuljak.be\"\/>\n\t\t<a itemprop=\"sameAs\" href=\"#\" target=\"_self\" title=\"\" aria-label=\"\" role=\"button\" rel=\"noopener\">\n\t\t\t\t\t<\/a>\n\t<h1>conditions g\u00e9n\u00e9rales<\/h1>\n\t<h2>Conditions d&rsquo;annulation B&amp;B De Patuljak, Houffalize<\/h2>\n\t<p>Au B&amp;B De Patuljak, nous comprenons que les projets peuvent parfois changer de mani\u00e8re inattendue. Voici nos politiques d&rsquo;annulation pour vous prot\u00e9ger ainsi que nos op\u00e9rations commerciales\u00a0:<\/p>\n\t<h2>Annulation gratuite (standard)\u00a0:<\/h2>\n\t<p>Vous pouvez annuler gratuitement jusqu&rsquo;\u00e0 14 jours avant la date d&rsquo;arriv\u00e9e pr\u00e9vue.<\/p>\n\t<h2>Annulation tardive\u00a0:<\/h2>\n\tPour les annulations entre 14 jours et 7 jours avant la date d&rsquo;arriv\u00e9e, 50 % du montant total sera factur\u00e9.<br \/>\nLes annulations effectu\u00e9es dans les 7 jours pr\u00e9c\u00e9dant la date d&rsquo;arriv\u00e9e seront factur\u00e9es du montant total.\n\t<h2>Pas de pr\u00e9sentation\u00a0:<\/h2>\n\t<p>En cas de non-pr\u00e9sentation (d\u00e9faut de se pr\u00e9senter sans pr\u00e9avis), le montant total du s\u00e9jour sera factur\u00e9.<\/p>\n\t<h2>D\u00e9part anticip\u00e9\u00a0:<\/h2>\n\tEn cas de d\u00e9part anticip\u00e9 ou d&rsquo;\u00e9courtement de s\u00e9jour, le montant total du s\u00e9jour initialement r\u00e9serv\u00e9 sera factur\u00e9.<br \/>\nSelon les circonstances, cela peut \u00eatre d\u00e9rog\u00e9 d&rsquo;un commun accord.\n\t<h2>Forfaits sp\u00e9ciaux ou r\u00e9servations de groupe\u00a0:<\/h2>\n\t<p>Des conditions d&rsquo;annulation diff\u00e9rentes peuvent s&rsquo;appliquer pour les forfaits sp\u00e9ciaux ou les r\u00e9servations de groupe. Ceux-ci seront communiqu\u00e9s lors de la r\u00e9servation.<\/p>\n\t<h2>Annulation du rapport\u00a0:<\/h2>\n\t<p>Les annulations doivent \u00eatre faites par \u00e9crit par e-mail \u00e0 info.depatuljak@gmail.com en indiquant le nom de la r\u00e9servation et la date d&rsquo;arriv\u00e9e pr\u00e9vue.<\/p>\n\t<h2>Force majeure\u00a0:<\/h2>\n\t<p>En cas de force majeure, telle que catastrophes naturelles ou autres circonstances impr\u00e9vues, nous nous r\u00e9servons le droit de r\u00e9viser la politique d&rsquo;annulation.<\/p>\n\t<p>Pour d&rsquo;autres questions ou pr\u00e9cisions, n&rsquo;h\u00e9sitez pas \u00e0 nous contacter. Nous nous r\u00e9jouissons de vous accueillir au B&amp;B De Patuljak et sommes pr\u00eats \u00e0 rendre votre s\u00e9jour aussi agr\u00e9able que possible.<\/p>\n\t<p>Cordialement,<\/p>\n\tWendy en Benjamin<br \/>\nChambre d&rsquo;h\u00f4tes De Patuljak, Houffalize\n\t<h2>R\u00e9servations<\/h2>\n\t\t\t<a href=\"mailto:info.depatuljak@gmail.com\" target=\"_self\" rel=\"noopener\">\n\t\t\t\t\t\t\tpar mail\n\t\t\t\t\t<\/a>\n\t\t\t\t\t\t\t\t\t<img loading=\"lazy\" decoding=\"async\" src=\"https:\/\/www.bbdepatuljak.be\/wp-content\/uploads\/2023\/12\/logo-1.png\" alt=\"logo-1\" itemprop=\"image\" height=\"1667\" width=\"2075\" srcset=\"https:\/\/www.bbdepatuljak.be\/wp-content\/uploads\/2023\/12\/logo-1.png 2075w, https:\/\/www.bbdepatuljak.be\/wp-content\/uploads\/2023\/12\/logo-1-300x241.png 300w, https:\/\/www.bbdepatuljak.be\/wp-content\/uploads\/2023\/12\/logo-1-1024x823.png 1024w, https:\/\/www.bbdepatuljak.be\/wp-content\/uploads\/2023\/12\/logo-1-768x617.png 768w, https:\/\/www.bbdepatuljak.be\/wp-content\/uploads\/2023\/12\/logo-1-1536x1234.png 1536w, https:\/\/www.bbdepatuljak.be\/wp-content\/uploads\/2023\/12\/logo-1-2048x1645.png 2048w\" sizes=\"auto, (max-width: 2075px) 100vw, 2075px\" title=\"logo-1\" onerror=\"this.style.display='none'\"  \/>\n\t<p>B&amp;B DE PATULJAK<\/p>\n\tMont, 34\/1<br \/>\n6661 Houffalize\n\t<p><a href=\"mailto:info.depatuljak@gmail.com\">info.depatuljak@gmail.com<\/a><\/p>\n0494 055 049\n\t<p>ch\u00e8que cadeau<\/p>\n\t<p>envoyez un email \u00e0<\/p>\n\t<p><a href=\"mailto:info.depatuljak@gmail.com\">info.depatuljak@gmail.com<\/a><\/p>\n\t<a href=\"https:\/\/www.bbdepatuljak.be\/fr\/conditionsgenerales\/\">Conditions g\u00e9n\u00e9rales<\/a><br \/>\n<a href=\"https:\/\/www.bbdepatuljak.be\/fr\/privacyverklaring\/\">Politique de confidentialit\u00e9<\/a>\n\t\t<link itemprop=\"url\" href=\"https:\/\/www.bbdepatuljak.be\"\/>\n\t\t<a itemprop=\"sameAs\" href=\"https:\/\/www.facebook.com\/profile.php?id=61554939263006\" target=\"_blank\" title=\"\" aria-label=\"\" role=\"button\" rel=\"noopener noreferrer external\">\n\t\t\t\t\t<\/a>\n\t\t<link itemprop=\"url\" href=\"https:\/\/www.bbdepatuljak.be\"\/>\n\t\t<a itemprop=\"sameAs\" href=\"#\" target=\"_self\" title=\"\" aria-label=\"\" role=\"button\" rel=\"noopener\">\n\t\t\t\t\t<\/a>\n\t<p>design by <a target=\"_blank\" href=\"https:\/\/www.weneedweb.be\/\" rel=\"noopener\">weneedweb<\/a><\/p>\n\n","protected":false},"excerpt":{"rendered":"<p>Accueil Tarifs Petit-d\u00e9jeuner Galerie Contact conditions g\u00e9n\u00e9rales Conditions d&rsquo;annulation B&amp;B De Patuljak, Houffalize Au B&amp;B De Patuljak, nous comprenons que les projets peuvent parfois changer de mani\u00e8re inattendue. Voici nos politiques d&rsquo;annulation pour vous prot\u00e9ger ainsi que nos op\u00e9rations commerciales\u00a0: Annulation gratuite (standard)\u00a0: Vous pouvez annuler gratuitement jusqu&rsquo;\u00e0 14 jours avant la date d&rsquo;arriv\u00e9e pr\u00e9vue.&hellip;<\/p>\n","protected":false},"author":1,"featured_media":0,"parent":0,"menu_order":0,"comment_status":"closed","ping_status":"closed","template":"tpl-no-header-footer.php","meta":{"footnotes":""},"class_list":["post-415","page","type-page","status-publish","hentry"],"yoast_head":"<!-- This site is optimized with the Yoast SEO plugin v27.1.1 - https:\/\/yoast.com\/product\/yoast-seo-wordpress\/ -->\n<title>Conditions g\u00e9n\u00e9rales De Patuljak B&amp;B in Houffalize<\/title>\n<meta name=\"robots\" content=\"index, follow, max-snippet:-1, max-image-preview:large, max-video-preview:-1\" \/>\n<link rel=\"canonical\" href=\"https:\/\/www.bbdepatuljak.be\/fr\/conditionsgenerales\/\" \/>\n<meta property=\"og:locale\" content=\"fr_FR\" \/>\n<meta property=\"og:type\" content=\"article\" \/>\n<meta property=\"og:title\" content=\"Conditions g\u00e9n\u00e9rales De Patuljak B&amp;B in Houffalize\" \/>\n<meta property=\"og:description\" content=\"Accueil Tarifs Petit-d\u00e9jeuner Galerie Contact conditions g\u00e9n\u00e9rales Conditions d&rsquo;annulation B&amp;B De Patuljak, Houffalize Au B&amp;B De Patuljak, nous comprenons que les projets peuvent parfois changer de mani\u00e8re inattendue. Voici nos politiques d&rsquo;annulation pour vous prot\u00e9ger ainsi que nos op\u00e9rations commerciales\u00a0: Annulation gratuite (standard)\u00a0: Vous pouvez annuler gratuitement jusqu&rsquo;\u00e0 14 jours avant la date d&rsquo;arriv\u00e9e pr\u00e9vue.&hellip;\" \/>\n<meta property=\"og:url\" content=\"https:\/\/www.bbdepatuljak.be\/fr\/conditionsgenerales\/\" \/>\n<meta property=\"og:site_name\" content=\"De Patuljak\" \/>\n<meta property=\"article:modified_time\" content=\"2024-05-23T20:57:06+00:00\" \/>\n<meta property=\"og:image\" content=\"https:\/\/www.bbdepatuljak.be\/wp-content\/uploads\/2023\/12\/BB_Favicon.png\" \/>\n<meta name=\"twitter:card\" content=\"summary_large_image\" \/>\n<meta name=\"twitter:label1\" content=\"Dur\u00e9e de lecture estim\u00e9e\" \/>\n\t<meta name=\"twitter:data1\" content=\"2 minutes\" \/>\n<script type=\"application\/ld+json\" class=\"yoast-schema-graph\">{\"@context\":\"https:\/\/schema.org\",\"@graph\":[{\"@type\":\"WebPage\",\"@id\":\"https:\/\/www.bbdepatuljak.be\/fr\/conditionsgenerales\/\",\"url\":\"https:\/\/www.bbdepatuljak.be\/fr\/conditionsgenerales\/\",\"name\":\"Conditions g\u00e9n\u00e9rales De Patuljak B&B in Houffalize\",\"isPartOf\":{\"@id\":\"https:\/\/www.bbdepatuljak.be\/fr\/#website\"},\"primaryImageOfPage\":{\"@id\":\"https:\/\/www.bbdepatuljak.be\/fr\/conditionsgenerales\/#primaryimage\"},\"image\":{\"@id\":\"https:\/\/www.bbdepatuljak.be\/fr\/conditionsgenerales\/#primaryimage\"},\"thumbnailUrl\":\"https:\/\/www.bbdepatuljak.be\/wp-content\/uploads\/2023\/12\/BB_Favicon.png\",\"datePublished\":\"2024-05-23T20:07:55+00:00\",\"dateModified\":\"2024-05-23T20:57:06+00:00\",\"breadcrumb\":{\"@id\":\"https:\/\/www.bbdepatuljak.be\/fr\/conditionsgenerales\/#breadcrumb\"},\"inLanguage\":\"fr-FR\",\"potentialAction\":[{\"@type\":\"ReadAction\",\"target\":[\"https:\/\/www.bbdepatuljak.be\/fr\/conditionsgenerales\/\"]}]},{\"@type\":\"ImageObject\",\"inLanguage\":\"fr-FR\",\"@id\":\"https:\/\/www.bbdepatuljak.be\/fr\/conditionsgenerales\/#primaryimage\",\"url\":\"https:\/\/www.bbdepatuljak.be\/wp-content\/uploads\/2023\/12\/BB_Favicon.png\",\"contentUrl\":\"https:\/\/www.bbdepatuljak.be\/wp-content\/uploads\/2023\/12\/BB_Favicon.png\"},{\"@type\":\"BreadcrumbList\",\"@id\":\"https:\/\/www.bbdepatuljak.be\/fr\/conditionsgenerales\/#breadcrumb\",\"itemListElement\":[{\"@type\":\"ListItem\",\"position\":1,\"name\":\"Accueil\",\"item\":\"https:\/\/www.bbdepatuljak.be\/fr\/\"},{\"@type\":\"ListItem\",\"position\":2,\"name\":\"Conditions g\u00e9n\u00e9rales\"}]},{\"@type\":\"WebSite\",\"@id\":\"https:\/\/www.bbdepatuljak.be\/fr\/#website\",\"url\":\"https:\/\/www.bbdepatuljak.be\/fr\/\",\"name\":\"De Patuljak\",\"description\":\"Un site utilisant WordPress\",\"potentialAction\":[{\"@type\":\"SearchAction\",\"target\":{\"@type\":\"EntryPoint\",\"urlTemplate\":\"https:\/\/www.bbdepatuljak.be\/fr\/?s={search_term_string}\"},\"query-input\":{\"@type\":\"PropertyValueSpecification\",\"valueRequired\":true,\"valueName\":\"search_term_string\"}}],\"inLanguage\":\"fr-FR\"}]}<\/script>\n<!-- \/ Yoast SEO plugin. -->","yoast_head_json":{"title":"Conditions g\u00e9n\u00e9rales De Patuljak B&B in Houffalize","robots":{"index":"index","follow":"follow","max-snippet":"max-snippet:-1","max-image-preview":"max-image-preview:large","max-video-preview":"max-video-preview:-1"},"canonical":"https:\/\/www.bbdepatuljak.be\/fr\/conditionsgenerales\/","og_locale":"fr_FR","og_type":"article","og_title":"Conditions g\u00e9n\u00e9rales De Patuljak B&B in Houffalize","og_description":"Accueil Tarifs Petit-d\u00e9jeuner Galerie Contact conditions g\u00e9n\u00e9rales Conditions d&rsquo;annulation B&amp;B De Patuljak, Houffalize Au B&amp;B De Patuljak, nous comprenons que les projets peuvent parfois changer de mani\u00e8re inattendue. Voici nos politiques d&rsquo;annulation pour vous prot\u00e9ger ainsi que nos op\u00e9rations commerciales\u00a0: Annulation gratuite (standard)\u00a0: Vous pouvez annuler gratuitement jusqu&rsquo;\u00e0 14 jours avant la date d&rsquo;arriv\u00e9e pr\u00e9vue.&hellip;","og_url":"https:\/\/www.bbdepatuljak.be\/fr\/conditionsgenerales\/","og_site_name":"De Patuljak","article_modified_time":"2024-05-23T20:57:06+00:00","og_image":[{"url":"https:\/\/www.bbdepatuljak.be\/wp-content\/uploads\/2023\/12\/BB_Favicon.png","type":"","width":"","height":""}],"twitter_card":"summary_large_image","twitter_misc":{"Dur\u00e9e de lecture estim\u00e9e":"2 minutes"},"schema":{"@context":"https:\/\/schema.org","@graph":[{"@type":"WebPage","@id":"https:\/\/www.bbdepatuljak.be\/fr\/conditionsgenerales\/","url":"https:\/\/www.bbdepatuljak.be\/fr\/conditionsgenerales\/","name":"Conditions g\u00e9n\u00e9rales De Patuljak B&B in Houffalize","isPartOf":{"@id":"https:\/\/www.bbdepatuljak.be\/fr\/#website"},"primaryImageOfPage":{"@id":"https:\/\/www.bbdepatuljak.be\/fr\/conditionsgenerales\/#primaryimage"},"image":{"@id":"https:\/\/www.bbdepatuljak.be\/fr\/conditionsgenerales\/#primaryimage"},"thumbnailUrl":"https:\/\/www.bbdepatuljak.be\/wp-content\/uploads\/2023\/12\/BB_Favicon.png","datePublished":"2024-05-23T20:07:55+00:00","dateModified":"2024-05-23T20:57:06+00:00","breadcrumb":{"@id":"https:\/\/www.bbdepatuljak.be\/fr\/conditionsgenerales\/#breadcrumb"},"inLanguage":"fr-FR","potentialAction":[{"@type":"ReadAction","target":["https:\/\/www.bbdepatuljak.be\/fr\/conditionsgenerales\/"]}]},{"@type":"ImageObject","inLanguage":"fr-FR","@id":"https:\/\/www.bbdepatuljak.be\/fr\/conditionsgenerales\/#primaryimage","url":"https:\/\/www.bbdepatuljak.be\/wp-content\/uploads\/2023\/12\/BB_Favicon.png","contentUrl":"https:\/\/www.bbdepatuljak.be\/wp-content\/uploads\/2023\/12\/BB_Favicon.png"},{"@type":"BreadcrumbList","@id":"https:\/\/www.bbdepatuljak.be\/fr\/conditionsgenerales\/#breadcrumb","itemListElement":[{"@type":"ListItem","position":1,"name":"Accueil","item":"https:\/\/www.bbdepatuljak.be\/fr\/"},{"@type":"ListItem","position":2,"name":"Conditions g\u00e9n\u00e9rales"}]},{"@type":"WebSite","@id":"https:\/\/www.bbdepatuljak.be\/fr\/#website","url":"https:\/\/www.bbdepatuljak.be\/fr\/","name":"De Patuljak","description":"Un site utilisant WordPress","potentialAction":[{"@type":"SearchAction","target":{"@type":"EntryPoint","urlTemplate":"https:\/\/www.bbdepatuljak.be\/fr\/?s={search_term_string}"},"query-input":{"@type":"PropertyValueSpecification","valueRequired":true,"valueName":"search_term_string"}}],"inLanguage":"fr-FR"}]}},"_links":{"self":[{"href":"https:\/\/www.bbdepatuljak.be\/fr\/wp-json\/wp\/v2\/pages\/415","targetHints":{"allow":["GET"]}}],"collection":[{"href":"https:\/\/www.bbdepatuljak.be\/fr\/wp-json\/wp\/v2\/pages"}],"about":[{"href":"https:\/\/www.bbdepatuljak.be\/fr\/wp-json\/wp\/v2\/types\/page"}],"author":[{"embeddable":true,"href":"https:\/\/www.bbdepatuljak.be\/fr\/wp-json\/wp\/v2\/users\/1"}],"replies":[{"embeddable":true,"href":"https:\/\/www.bbdepatuljak.be\/fr\/wp-json\/wp\/v2\/comments?post=415"}],"version-history":[{"count":3,"href":"https:\/\/www.bbdepatuljak.be\/fr\/wp-json\/wp\/v2\/pages\/415\/revisions"}],"predecessor-version":[{"id":424,"href":"https:\/\/www.bbdepatuljak.be\/fr\/wp-json\/wp\/v2\/pages\/415\/revisions\/424"}],"wp:attachment":[{"href":"https:\/\/www.bbdepatuljak.be\/fr\/wp-json\/wp\/v2\/media?parent=415"}],"curies":[{"name":"wp","href":"https:\/\/api.w.org\/{rel}","templated":true}]}}