{"id":460,"date":"2024-06-24T14:41:07","date_gmt":"2024-06-24T12:41:07","guid":{"rendered":"https:\/\/www.bbdepatuljak.be\/?page_id=460"},"modified":"2025-01-05T09:09:13","modified_gmt":"2025-01-05T08:09:13","slug":"que-faire-a-proximite","status":"publish","type":"page","link":"https:\/\/www.bbdepatuljak.be\/fr\/que-faire-a-proximite\/","title":{"rendered":"Actus"},"content":{"rendered":"\n\n\t\t\t\t\t\t\t\t<a href=\"https:\/\/www.bbdepatuljak.be\/fr\/\" target=\"_self\" itemprop=\"url\">\n\t\t\t\t\t\t\t\t\t<img loading=\"lazy\" decoding=\"async\" src=\"https:\/\/www.bbdepatuljak.be\/wp-content\/uploads\/2023\/12\/BB_Favicon.png\" alt=\"B&amp;B_Favicon\" itemprop=\"image\" height=\"57\" width=\"65\" title=\"B&amp;B_Favicon\" onerror=\"this.style.display='none'\"  \/>\n\t\t\t\t\t\t\t\t\t\t\t\t\t<\/a>\n\t\t\t<button tabindex=\"0\" aria-label=\"Menu\">\n\t\t\t\t\t\t\t<\/button>\n\t<nav aria-label=\"Menu principal FR\" itemscope=\"itemscope\" itemtype=\"https:\/\/schema.org\/SiteNavigationElement\">\n\t\t<ul id=\"menu-menu-principal-fr\"><li id=\"menu-item-335\"><a href=\"https:\/\/www.bbdepatuljak.be\/fr\/\">Accueil<\/a><\/li><li id=\"menu-item-359\"><a href=\"https:\/\/www.bbdepatuljak.be\/fr\/tarifs\/\">Tarifs<\/a><\/li><li id=\"menu-item-399\"><a href=\"https:\/\/www.bbdepatuljak.be\/fr\/petit-dejeuner\/\">Petit-d\u00e9jeuner<\/a><\/li><li id=\"menu-item-638\"><a href=\"https:\/\/www.bbdepatuljak.be\/fr\/reservation\/\">R\u00e9servation<\/a><\/li><li id=\"menu-item-469\"><a href=\"https:\/\/www.bbdepatuljak.be\/fr\/que-faire-a-proximite\/\" aria-current=\"page\">Actus<\/a><\/li><li id=\"menu-item-376\"><a href=\"https:\/\/www.bbdepatuljak.be\/fr\/photos\/\">Galerie<\/a><\/li><li id=\"menu-item-387\"><a href=\"https:\/\/www.bbdepatuljak.be\/fr\/contact\/\">Contact<\/a><\/li><li id=\"menu-item-wpml-ls-15-fr\"><a href=\"https:\/\/www.bbdepatuljak.be\/fr\/que-faire-a-proximite\/\"><img decoding=\"async\" src=\"https:\/\/www.bbdepatuljak.be\/wp-content\/plugins\/sitepress-multilingual-cms\/res\/flags\/fr.svg\"\n            alt=\"Fran\u00e7ais\"\n    \/><\/a><ul>\t<li id=\"menu-item-wpml-ls-15-nl\"><a href=\"https:\/\/www.bbdepatuljak.be\/wat-te-doen-in-de-buurt\/\"><img decoding=\"async\" src=\"https:\/\/www.bbdepatuljak.be\/wp-content\/plugins\/sitepress-multilingual-cms\/res\/flags\/nl.svg\"\n            alt=\"N\u00e9erlandais\"\n    \/><\/a><\/li>\t<li id=\"menu-item-wpml-ls-15-en\"><a href=\"https:\/\/www.bbdepatuljak.be\/en\/what-to-do-nearby\/\"><img decoding=\"async\" src=\"https:\/\/www.bbdepatuljak.be\/wp-content\/plugins\/sitepress-multilingual-cms\/res\/flags\/en.svg\"\n            alt=\"Anglais\"\n    \/><\/a><\/li><\/ul><\/li><\/ul>\n\t\t\t<\/nav>\n\t\t<link itemprop=\"url\" href=\"https:\/\/www.bbdepatuljak.be\"\/>\n\t\t<a itemprop=\"sameAs\" href=\"https:\/\/www.facebook.com\/profile.php?id=61554939263006\" target=\"_blank\" title=\"\" aria-label=\"\" role=\"button\" rel=\"noopener noreferrer external\">\n\t\t\t\t\t<\/a>\n\t\t<link itemprop=\"url\" href=\"https:\/\/www.bbdepatuljak.be\"\/>\n\t\t<a itemprop=\"sameAs\" href=\"#\" target=\"_self\" title=\"\" aria-label=\"\" role=\"button\">\n\t\t\t\t\t<\/a>\n\t<h1>Que faire<br \/>\n\u00e0 proximit\u00e9 ?<\/h1>\n\t\t\t<a href=\"https:\/\/www.bbdepatuljak.be\/fr\/reservation\/\" target=\"_self\">\n\t\t\t\t\t\t\tr\u00e9servez votre s\u00e9jour\n\t\t\t\t\t<\/a>\n\t<b>D\u00e9couvrez tout ce que les environs du B&amp;B \u00ab\u00a0De Patuljak\u00a0\u00bb ont \u00e0 offrir<br \/>\n<\/b>\n<p>Au <b>B&amp;B De Patuljak<\/b>, vous trouverez non seulement calme et confort, mais aussi une base id\u00e9ale pour d\u00e9couvrir la r\u00e9gion polyvalente autour du Mont et d&rsquo;Houffalize. Il y en a pour tous les go\u00fbts ici : des sports d&rsquo;aventure aux bi\u00e8res savoureuses en passant par une histoire fascinante.<\/p>\n<p><b>Pour les randonneurs et v\u00e9t\u00e9tistes<\/b><\/p>\n<p>La r\u00e9gion est un endroit de r\u00eave pour les amateurs de plein air.<\/p>\n<ul>\n<li><b>Randonn\u00e9e<\/b> : explorez les routes panoramiques qui sillonnent la campagne vallonn\u00e9e et les for\u00eats des Ardennes. Chaque pas vous rapproche de la paix et de la beaut\u00e9 de la nature.<\/li>\n<li><b>VTT<\/b> : Vivez l&rsquo;adr\u00e9naline sur la c\u00e9l\u00e8bre piste de VTT de la Coupe du monde pr\u00e8s d&rsquo;Houffalize. Avec des itin\u00e9raires pour tous les niveaux, du d\u00e9butant \u00e0 l&rsquo;expert, c&rsquo;est une exp\u00e9rience inoubliable pour chaque cycliste.<\/li>\n<\/ul>\n<p><b>Pour les amateurs de bi\u00e8re<\/b><\/p>\n<p>La r\u00e9gion est un paradis pour les amateurs de bi\u00e8re :<\/p>\n<ul>\n<li><b>Brasserie Achouffe <\/b>: Visitez la brasserie de renomm\u00e9e mondiale d&rsquo;Achouffe et d\u00e9couvrez comment est fabriqu\u00e9e la bi\u00e8re bien-aim\u00e9e La Chouffe. Terminez votre visite avec un verre rafra\u00eechissant de ce classique.<\/li>\n<li><b>Microbrasserie et caf\u00e9 \u00ab Inter-Pol \u00bb <\/b>: \u00c0 deux pas de notre g\u00eete se trouve cette charmante microbrasserie. D\u00e9gustez des bi\u00e8res uniques brass\u00e9es de fa\u00e7on traditionnelle dans une atmosph\u00e8re chaleureuse.<\/li>\n<\/ul>\n<p><b>Pour les passionn\u00e9s d&rsquo;histoire<\/b><\/p>\n<p>Plongez dans l&rsquo;histoire des Ardennes et visitez l&rsquo;impressionnant <b>mus\u00e9e de la guerre du Bastogne<\/b>. Ce mus\u00e9e offre un aper\u00e7u fascinant des \u00e9v\u00e9nements de la Seconde Guerre mondiale et de la vie dans cette r\u00e9gion \u00e0 cette \u00e9poque. Un incontournable absolu pour ceux qui souhaitent en savoir plus sur la riche histoire de la r\u00e9gion.<\/p>\n<p><b>Et plus encore&#8230;<\/b><\/p>\n<p>En plus des randonn\u00e9es \u00e0 pied, \u00e0 v\u00e9lo et des excursions culturelles, il existe d&rsquo;innombrables activit\u00e9s \u00e0 d\u00e9couvrir \u00e0 proximit\u00e9, des villages pittoresques aux march\u00e9s locaux et aux d\u00e9lices gastronomiques.<\/p>\n<p>Que vous recherchiez l&rsquo;aventure, la d\u00e9tente ou un morceau d&rsquo;histoire, le <b>B&amp;B De Patuljak <\/b>est l&rsquo;endroit qu&rsquo;il vous faut. Planifiez votre s\u00e9jour et d\u00e9couvrez tout ce que cette belle r\u00e9gion a \u00e0 offrir !<\/p>\n\t<h2>les actus de la r\u00e9gion<\/h2>\n\t<h2>r\u00e9servations<\/h2>\n\t\t\t<a href=\"https:\/\/www.bbdepatuljak.be\/fr\/reservation\/\" target=\"_self\">\n\t\t\t\t\t\t\ten ligne\n\t\t\t\t\t<\/a>\n\t\t\t<a href=\"mailto:info.depatuljak@gmail.com\" target=\"_self\">\n\t\t\t\t\t\t\tpar mail\n\t\t\t\t\t<\/a>\n\t<h2>r\u00e9servations<\/h2>\n\t\t\t<a href=\"https:\/\/www.bbdepatuljak.be\/fr\/reservation\/\" target=\"_self\">\n\t\t\t\t\t\t\ten ligne\n\t\t\t\t\t<\/a>\n\t\t\t<a href=\"mailto:info.depatuljak@gmail.com\" target=\"_self\">\n\t\t\t\t\t\t\tpar mail\n\t\t\t\t\t<\/a>\n\t\t\t\t\t\t\t\t\t<img loading=\"lazy\" decoding=\"async\" src=\"https:\/\/www.bbdepatuljak.be\/wp-content\/uploads\/2023\/12\/logo-1.png\" alt=\"logo-1\" itemprop=\"image\" height=\"1667\" width=\"2075\" srcset=\"https:\/\/www.bbdepatuljak.be\/wp-content\/uploads\/2023\/12\/logo-1.png 2075w, https:\/\/www.bbdepatuljak.be\/wp-content\/uploads\/2023\/12\/logo-1-300x241.png 300w, https:\/\/www.bbdepatuljak.be\/wp-content\/uploads\/2023\/12\/logo-1-1024x823.png 1024w, https:\/\/www.bbdepatuljak.be\/wp-content\/uploads\/2023\/12\/logo-1-768x617.png 768w, https:\/\/www.bbdepatuljak.be\/wp-content\/uploads\/2023\/12\/logo-1-1536x1234.png 1536w, https:\/\/www.bbdepatuljak.be\/wp-content\/uploads\/2023\/12\/logo-1-2048x1645.png 2048w\" sizes=\"auto, (max-width: 2075px) 100vw, 2075px\" title=\"logo-1\" onerror=\"this.style.display='none'\"  \/>\n\t<p>B&amp;B DE PATULJAK<\/p>\n\tMont, 34\/1<br \/>\n6661 Houffalize\n\t<p><a href=\"mailto:info.depatuljak@gmail.com\">info.depatuljak@gmail.com<\/a><\/p>\n0494 055 049\n\t<p>ch\u00e8que cadeau<\/p>\n\t<p>envoyez un email \u00e0<\/p>\n\t<p><a href=\"mailto:info.depatuljak@gmail.com\">info.depatuljak@gmail.com<\/a><\/p>\n\t<a href=\"https:\/\/www.bbdepatuljak.be\/fr\/conditionsgenerales\/\">Conditions g\u00e9n\u00e9rales<\/a><br \/>\n<a href=\"https:\/\/www.bbdepatuljak.be\/fr\/privacyverklaring\/\">Politique de confidentialit\u00e9<\/a>\n\t\t<link itemprop=\"url\" href=\"https:\/\/www.bbdepatuljak.be\"\/>\n\t\t<a itemprop=\"sameAs\" href=\"https:\/\/www.facebook.com\/profile.php?id=61554939263006\" target=\"_blank\" title=\"\" aria-label=\"\" role=\"button\" rel=\"noopener noreferrer external\">\n\t\t\t\t\t<\/a>\n\t\t<link itemprop=\"url\" href=\"https:\/\/www.bbdepatuljak.be\"\/>\n\t\t<a itemprop=\"sameAs\" href=\"#\" target=\"_self\" title=\"\" aria-label=\"\" role=\"button\">\n\t\t\t\t\t<\/a>\n\t<p>design by <a target=\"_blank\" href=\"https:\/\/www.weneedweb.be\/\">weneedweb<\/a><\/p>\n\n","protected":false},"excerpt":{"rendered":"<p>Accueil Tarifs Petit-d\u00e9jeuner R\u00e9servation Actus Galerie Contact Que faire \u00e0 proximit\u00e9 ? r\u00e9servez votre s\u00e9jour D\u00e9couvrez tout ce que les environs du B&amp;B \u00ab\u00a0De Patuljak\u00a0\u00bb ont \u00e0 offrir Au B&amp;B De Patuljak, vous trouverez non seulement calme et confort, mais aussi une base id\u00e9ale pour d\u00e9couvrir la r\u00e9gion polyvalente autour du Mont et d&rsquo;Houffalize. Il&hellip;<\/p>\n","protected":false},"author":1,"featured_media":0,"parent":0,"menu_order":0,"comment_status":"closed","ping_status":"closed","template":"tpl-no-header-footer.php","meta":{"footnotes":""},"class_list":["post-460","page","type-page","status-publish","hentry"],"yoast_head":"<!-- This site is optimized with the Yoast SEO plugin v27.1.1 - https:\/\/yoast.com\/product\/yoast-seo-wordpress\/ -->\n<title>Que faire \u00e0 proximit\u00e9 de chez De Patuljak B&amp;B \u00e0 Houffalize<\/title>\n<meta name=\"description\" content=\"D\u00e9couvrez toutes les activit\u00e9s et curiosit\u00e9s possibles autour du B&amp;B De Patuljak\" \/>\n<meta name=\"robots\" content=\"index, follow, max-snippet:-1, max-image-preview:large, max-video-preview:-1\" \/>\n<link rel=\"canonical\" href=\"https:\/\/www.bbdepatuljak.be\/fr\/que-faire-a-proximite\/\" \/>\n<meta property=\"og:locale\" content=\"fr_FR\" \/>\n<meta property=\"og:type\" content=\"article\" \/>\n<meta property=\"og:title\" content=\"Que faire \u00e0 proximit\u00e9 de chez De Patuljak B&amp;B \u00e0 Houffalize\" \/>\n<meta property=\"og:description\" content=\"D\u00e9couvrez toutes les activit\u00e9s et curiosit\u00e9s possibles autour du B&amp;B De Patuljak\" \/>\n<meta property=\"og:url\" content=\"https:\/\/www.bbdepatuljak.be\/fr\/que-faire-a-proximite\/\" \/>\n<meta property=\"og:site_name\" content=\"De Patuljak\" \/>\n<meta property=\"article:modified_time\" content=\"2025-01-05T08:09:13+00:00\" \/>\n<meta property=\"og:image\" content=\"https:\/\/www.bbdepatuljak.be\/wp-content\/uploads\/2023\/12\/BB_Favicon.png\" \/>\n<meta name=\"twitter:card\" content=\"summary_large_image\" \/>\n<meta name=\"twitter:label1\" content=\"Dur\u00e9e de lecture estim\u00e9e\" \/>\n\t<meta name=\"twitter:data1\" content=\"3 minutes\" \/>\n<script type=\"application\/ld+json\" class=\"yoast-schema-graph\">{\"@context\":\"https:\/\/schema.org\",\"@graph\":[{\"@type\":\"WebPage\",\"@id\":\"https:\/\/www.bbdepatuljak.be\/fr\/que-faire-a-proximite\/\",\"url\":\"https:\/\/www.bbdepatuljak.be\/fr\/que-faire-a-proximite\/\",\"name\":\"Que faire \u00e0 proximit\u00e9 de chez De Patuljak B&B \u00e0 Houffalize\",\"isPartOf\":{\"@id\":\"https:\/\/www.bbdepatuljak.be\/fr\/#website\"},\"primaryImageOfPage\":{\"@id\":\"https:\/\/www.bbdepatuljak.be\/fr\/que-faire-a-proximite\/#primaryimage\"},\"image\":{\"@id\":\"https:\/\/www.bbdepatuljak.be\/fr\/que-faire-a-proximite\/#primaryimage\"},\"thumbnailUrl\":\"https:\/\/www.bbdepatuljak.be\/wp-content\/uploads\/2023\/12\/BB_Favicon.png\",\"datePublished\":\"2024-06-24T12:41:07+00:00\",\"dateModified\":\"2025-01-05T08:09:13+00:00\",\"description\":\"D\u00e9couvrez toutes les activit\u00e9s et curiosit\u00e9s possibles autour du B&B De Patuljak\",\"breadcrumb\":{\"@id\":\"https:\/\/www.bbdepatuljak.be\/fr\/que-faire-a-proximite\/#breadcrumb\"},\"inLanguage\":\"fr-FR\",\"potentialAction\":[{\"@type\":\"ReadAction\",\"target\":[\"https:\/\/www.bbdepatuljak.be\/fr\/que-faire-a-proximite\/\"]}]},{\"@type\":\"ImageObject\",\"inLanguage\":\"fr-FR\",\"@id\":\"https:\/\/www.bbdepatuljak.be\/fr\/que-faire-a-proximite\/#primaryimage\",\"url\":\"https:\/\/www.bbdepatuljak.be\/wp-content\/uploads\/2023\/12\/BB_Favicon.png\",\"contentUrl\":\"https:\/\/www.bbdepatuljak.be\/wp-content\/uploads\/2023\/12\/BB_Favicon.png\"},{\"@type\":\"BreadcrumbList\",\"@id\":\"https:\/\/www.bbdepatuljak.be\/fr\/que-faire-a-proximite\/#breadcrumb\",\"itemListElement\":[{\"@type\":\"ListItem\",\"position\":1,\"name\":\"Accueil\",\"item\":\"https:\/\/www.bbdepatuljak.be\/fr\/\"},{\"@type\":\"ListItem\",\"position\":2,\"name\":\"Actus\"}]},{\"@type\":\"WebSite\",\"@id\":\"https:\/\/www.bbdepatuljak.be\/fr\/#website\",\"url\":\"https:\/\/www.bbdepatuljak.be\/fr\/\",\"name\":\"De Patuljak\",\"description\":\"Un site utilisant WordPress\",\"potentialAction\":[{\"@type\":\"SearchAction\",\"target\":{\"@type\":\"EntryPoint\",\"urlTemplate\":\"https:\/\/www.bbdepatuljak.be\/fr\/?s={search_term_string}\"},\"query-input\":{\"@type\":\"PropertyValueSpecification\",\"valueRequired\":true,\"valueName\":\"search_term_string\"}}],\"inLanguage\":\"fr-FR\"}]}<\/script>\n<!-- \/ Yoast SEO plugin. -->","yoast_head_json":{"title":"Que faire \u00e0 proximit\u00e9 de chez De Patuljak B&B \u00e0 Houffalize","description":"D\u00e9couvrez toutes les activit\u00e9s et curiosit\u00e9s possibles autour du B&B De Patuljak","robots":{"index":"index","follow":"follow","max-snippet":"max-snippet:-1","max-image-preview":"max-image-preview:large","max-video-preview":"max-video-preview:-1"},"canonical":"https:\/\/www.bbdepatuljak.be\/fr\/que-faire-a-proximite\/","og_locale":"fr_FR","og_type":"article","og_title":"Que faire \u00e0 proximit\u00e9 de chez De Patuljak B&B \u00e0 Houffalize","og_description":"D\u00e9couvrez toutes les activit\u00e9s et curiosit\u00e9s possibles autour du B&B De Patuljak","og_url":"https:\/\/www.bbdepatuljak.be\/fr\/que-faire-a-proximite\/","og_site_name":"De Patuljak","article_modified_time":"2025-01-05T08:09:13+00:00","og_image":[{"url":"https:\/\/www.bbdepatuljak.be\/wp-content\/uploads\/2023\/12\/BB_Favicon.png","type":"","width":"","height":""}],"twitter_card":"summary_large_image","twitter_misc":{"Dur\u00e9e de lecture estim\u00e9e":"3 minutes"},"schema":{"@context":"https:\/\/schema.org","@graph":[{"@type":"WebPage","@id":"https:\/\/www.bbdepatuljak.be\/fr\/que-faire-a-proximite\/","url":"https:\/\/www.bbdepatuljak.be\/fr\/que-faire-a-proximite\/","name":"Que faire \u00e0 proximit\u00e9 de chez De Patuljak B&B \u00e0 Houffalize","isPartOf":{"@id":"https:\/\/www.bbdepatuljak.be\/fr\/#website"},"primaryImageOfPage":{"@id":"https:\/\/www.bbdepatuljak.be\/fr\/que-faire-a-proximite\/#primaryimage"},"image":{"@id":"https:\/\/www.bbdepatuljak.be\/fr\/que-faire-a-proximite\/#primaryimage"},"thumbnailUrl":"https:\/\/www.bbdepatuljak.be\/wp-content\/uploads\/2023\/12\/BB_Favicon.png","datePublished":"2024-06-24T12:41:07+00:00","dateModified":"2025-01-05T08:09:13+00:00","description":"D\u00e9couvrez toutes les activit\u00e9s et curiosit\u00e9s possibles autour du B&B De Patuljak","breadcrumb":{"@id":"https:\/\/www.bbdepatuljak.be\/fr\/que-faire-a-proximite\/#breadcrumb"},"inLanguage":"fr-FR","potentialAction":[{"@type":"ReadAction","target":["https:\/\/www.bbdepatuljak.be\/fr\/que-faire-a-proximite\/"]}]},{"@type":"ImageObject","inLanguage":"fr-FR","@id":"https:\/\/www.bbdepatuljak.be\/fr\/que-faire-a-proximite\/#primaryimage","url":"https:\/\/www.bbdepatuljak.be\/wp-content\/uploads\/2023\/12\/BB_Favicon.png","contentUrl":"https:\/\/www.bbdepatuljak.be\/wp-content\/uploads\/2023\/12\/BB_Favicon.png"},{"@type":"BreadcrumbList","@id":"https:\/\/www.bbdepatuljak.be\/fr\/que-faire-a-proximite\/#breadcrumb","itemListElement":[{"@type":"ListItem","position":1,"name":"Accueil","item":"https:\/\/www.bbdepatuljak.be\/fr\/"},{"@type":"ListItem","position":2,"name":"Actus"}]},{"@type":"WebSite","@id":"https:\/\/www.bbdepatuljak.be\/fr\/#website","url":"https:\/\/www.bbdepatuljak.be\/fr\/","name":"De Patuljak","description":"Un site utilisant WordPress","potentialAction":[{"@type":"SearchAction","target":{"@type":"EntryPoint","urlTemplate":"https:\/\/www.bbdepatuljak.be\/fr\/?s={search_term_string}"},"query-input":{"@type":"PropertyValueSpecification","valueRequired":true,"valueName":"search_term_string"}}],"inLanguage":"fr-FR"}]}},"_links":{"self":[{"href":"https:\/\/www.bbdepatuljak.be\/fr\/wp-json\/wp\/v2\/pages\/460","targetHints":{"allow":["GET"]}}],"collection":[{"href":"https:\/\/www.bbdepatuljak.be\/fr\/wp-json\/wp\/v2\/pages"}],"about":[{"href":"https:\/\/www.bbdepatuljak.be\/fr\/wp-json\/wp\/v2\/types\/page"}],"author":[{"embeddable":true,"href":"https:\/\/www.bbdepatuljak.be\/fr\/wp-json\/wp\/v2\/users\/1"}],"replies":[{"embeddable":true,"href":"https:\/\/www.bbdepatuljak.be\/fr\/wp-json\/wp\/v2\/comments?post=460"}],"version-history":[{"count":13,"href":"https:\/\/www.bbdepatuljak.be\/fr\/wp-json\/wp\/v2\/pages\/460\/revisions"}],"predecessor-version":[{"id":929,"href":"https:\/\/www.bbdepatuljak.be\/fr\/wp-json\/wp\/v2\/pages\/460\/revisions\/929"}],"wp:attachment":[{"href":"https:\/\/www.bbdepatuljak.be\/fr\/wp-json\/wp\/v2\/media?parent=460"}],"curies":[{"name":"wp","href":"https:\/\/api.w.org\/{rel}","templated":true}]}}