{"id":551,"date":"2024-06-26T13:25:06","date_gmt":"2024-06-26T11:25:06","guid":{"rendered":"https:\/\/www.bbdepatuljak.be\/?page_id=551"},"modified":"2024-06-29T15:38:27","modified_gmt":"2024-06-29T13:38:27","slug":"reservation-confirmation","status":"publish","type":"page","link":"https:\/\/www.bbdepatuljak.be\/fr\/reservation-confirmation\/","title":{"rendered":"R\u00e9servation &#8211; Confirmation"},"content":{"rendered":"\n\n\t\t\t\t\t\t\t\t<a href=\"https:\/\/www.bbdepatuljak.be\/\" target=\"_self\" itemprop=\"url\" rel=\"noopener\">\n\t\t\t\t\t\t\t\t\t<img loading=\"lazy\" decoding=\"async\" src=\"https:\/\/www.bbdepatuljak.be\/wp-content\/uploads\/2023\/12\/BB_Favicon.png\" alt=\"B&amp;B_Favicon\" itemprop=\"image\" height=\"57\" width=\"65\" title=\"B&amp;B_Favicon\" onerror=\"this.style.display='none'\"  \/>\n\t\t\t\t\t\t\t\t\t\t\t\t\t<\/a>\n\t\t\t<button tabindex=\"0\" aria-label=\"Menu\">\n\t\t\t\t\t\t\t<\/button>\n\t<nav aria-label=\"Menu principal FR\" itemscope=\"itemscope\" itemtype=\"https:\/\/schema.org\/SiteNavigationElement\">\n\t\t<ul id=\"menu-menu-principal-fr\"><li id=\"menu-item-335\"><a href=\"https:\/\/www.bbdepatuljak.be\/fr\/\">Accueil<\/a><\/li><li id=\"menu-item-359\"><a href=\"https:\/\/www.bbdepatuljak.be\/fr\/tarifs\/\">Tarifs<\/a><\/li><li id=\"menu-item-399\"><a href=\"https:\/\/www.bbdepatuljak.be\/fr\/petit-dejeuner\/\">Petit-d\u00e9jeuner<\/a><\/li><li id=\"menu-item-638\"><a href=\"https:\/\/www.bbdepatuljak.be\/fr\/reservation\/\">R\u00e9servation<\/a><\/li><li id=\"menu-item-469\"><a href=\"https:\/\/www.bbdepatuljak.be\/fr\/que-faire-a-proximite\/\">Actus<\/a><\/li><li id=\"menu-item-376\"><a href=\"https:\/\/www.bbdepatuljak.be\/fr\/photos\/\">Galerie<\/a><\/li><li id=\"menu-item-387\"><a href=\"https:\/\/www.bbdepatuljak.be\/fr\/contact\/\">Contact<\/a><\/li><li id=\"menu-item-wpml-ls-15-fr\"><a href=\"https:\/\/www.bbdepatuljak.be\/fr\/reservation-confirmation\/\"><img decoding=\"async\" src=\"https:\/\/www.bbdepatuljak.be\/wp-content\/plugins\/sitepress-multilingual-cms\/res\/flags\/fr.svg\"\n            alt=\"Fran\u00e7ais\"\n    \/><\/a><ul>\t<li id=\"menu-item-wpml-ls-15-nl\"><a href=\"https:\/\/www.bbdepatuljak.be\/reserveringen-bevestiging\/\"><img decoding=\"async\" src=\"https:\/\/www.bbdepatuljak.be\/wp-content\/plugins\/sitepress-multilingual-cms\/res\/flags\/nl.svg\"\n            alt=\"N\u00e9erlandais\"\n    \/><\/a><\/li>\t<li id=\"menu-item-wpml-ls-15-en\"><a href=\"https:\/\/www.bbdepatuljak.be\/en\/booking-confirmation\/\"><img decoding=\"async\" src=\"https:\/\/www.bbdepatuljak.be\/wp-content\/plugins\/sitepress-multilingual-cms\/res\/flags\/en.svg\"\n            alt=\"Anglais\"\n    \/><\/a><\/li><\/ul><\/li><\/ul>\n\t\t\t<\/nav>\n\t\t<link itemprop=\"url\" href=\"https:\/\/www.bbdepatuljak.be\"\/>\n\t\t<a itemprop=\"sameAs\" href=\"https:\/\/www.facebook.com\/profile.php?id=61554939263006\" target=\"_blank\" title=\"\" aria-label=\"\" role=\"button\" rel=\"noopener noreferrer external\">\n\t\t\t\t\t<\/a>\n\t\t<link itemprop=\"url\" href=\"https:\/\/www.bbdepatuljak.be\"\/>\n\t\t<a itemprop=\"sameAs\" href=\"#\" target=\"_self\" title=\"\" aria-label=\"\" role=\"button\" rel=\"noopener\">\n\t\t\t\t\t<\/a>\n\t<h1>R\u00c9SERVATIONS<br \/>\n&amp; DISPONIBILIT\u00c9S<\/h1>\n\t\t\t<a href=\"mailto:info.depatuljak@gmail.com\" target=\"_self\" rel=\"noopener\">\n\t\t\t\t\t\t\tr\u00e9servez votre s\u00e9jour\n\t\t\t\t\t<\/a>\n\t<div class=\"mphb_sc_checkout-wrapper \"><\/div>\n\t\t\t\t\t\t\t\t\t<img loading=\"lazy\" decoding=\"async\" src=\"https:\/\/www.bbdepatuljak.be\/wp-content\/uploads\/2023\/12\/logo-1.png\" alt=\"logo-1\" itemprop=\"image\" height=\"1667\" width=\"2075\" srcset=\"https:\/\/www.bbdepatuljak.be\/wp-content\/uploads\/2023\/12\/logo-1.png 2075w, https:\/\/www.bbdepatuljak.be\/wp-content\/uploads\/2023\/12\/logo-1-300x241.png 300w, https:\/\/www.bbdepatuljak.be\/wp-content\/uploads\/2023\/12\/logo-1-1024x823.png 1024w, https:\/\/www.bbdepatuljak.be\/wp-content\/uploads\/2023\/12\/logo-1-768x617.png 768w, https:\/\/www.bbdepatuljak.be\/wp-content\/uploads\/2023\/12\/logo-1-1536x1234.png 1536w, https:\/\/www.bbdepatuljak.be\/wp-content\/uploads\/2023\/12\/logo-1-2048x1645.png 2048w\" sizes=\"auto, (max-width: 2075px) 100vw, 2075px\" title=\"logo-1\" onerror=\"this.style.display='none'\"  \/>\n\t<p>B&amp;B DE PATULJAK<\/p>\n\tMont, 34\/1<br \/>\n6661 Houffalize\n\t<p><a href=\"mailto:info.depatuljak@gmail.com\">info.depatuljak@gmail.com<\/a><\/p>\n\t<p>ch\u00e8que cadeau<\/p>\n\t<p>envoyez un email \u00e0<\/p>\n\t<p><a href=\"mailto:info.depatuljak@gmail.com\">info.depatuljak@gmail.com<\/a><\/p>\n\t\t<link itemprop=\"url\" href=\"https:\/\/www.bbdepatuljak.be\"\/>\n\t\t<a itemprop=\"sameAs\" href=\"https:\/\/www.facebook.com\/profile.php?id=61554939263006\" target=\"_blank\" title=\"\" aria-label=\"\" role=\"button\" rel=\"noopener noreferrer external\">\n\t\t\t\t\t<\/a>\n\t\t<link itemprop=\"url\" href=\"https:\/\/www.bbdepatuljak.be\"\/>\n\t\t<a itemprop=\"sameAs\" href=\"#\" target=\"_self\" title=\"\" aria-label=\"\" role=\"button\" rel=\"noopener\">\n\t\t\t\t\t<\/a>\n\t<p>design by <a target=\"_blank\" href=\"https:\/\/www.weneedweb.be\/\" rel=\"noopener\">weneedweb<\/a><\/p>\n\n","protected":false},"excerpt":{"rendered":"<p>Accueil Tarifs Petit-d\u00e9jeuner R\u00e9servation Actus Galerie Contact R\u00c9SERVATIONS &amp; DISPONIBILIT\u00c9S r\u00e9servez votre s\u00e9jour B&amp;B DE PATULJAK Mont, 34\/1 6661 Houffalize info.depatuljak@gmail.com ch\u00e8que cadeau envoyez un email \u00e0 info.depatuljak@gmail.com design by weneedweb<\/p>\n","protected":false},"author":1,"featured_media":0,"parent":0,"menu_order":0,"comment_status":"closed","ping_status":"closed","template":"tpl-no-header-footer.php","meta":{"footnotes":""},"class_list":["post-551","page","type-page","status-publish","hentry"],"yoast_head":"<!-- This site is optimized with the Yoast SEO plugin v27.1.1 - https:\/\/yoast.com\/product\/yoast-seo-wordpress\/ -->\n<title>R\u00e9servation De Patuljak B&amp;B \u00e0 Houffalize<\/title>\n<meta name=\"description\" content=\"R\u00e9server votre s\u00e9jour au B&amp;B De Patuljak dans les Ardennes Belges\" \/>\n<meta name=\"robots\" content=\"index, follow, max-snippet:-1, max-image-preview:large, max-video-preview:-1\" \/>\n<link rel=\"canonical\" href=\"https:\/\/www.bbdepatuljak.be\/fr\/reservation-confirmation\/\" \/>\n<meta property=\"og:locale\" content=\"fr_FR\" \/>\n<meta property=\"og:type\" content=\"article\" \/>\n<meta property=\"og:title\" content=\"R\u00e9servation De Patuljak B&amp;B \u00e0 Houffalize\" \/>\n<meta property=\"og:description\" content=\"R\u00e9server votre s\u00e9jour au B&amp;B De Patuljak dans les Ardennes Belges\" \/>\n<meta property=\"og:url\" content=\"https:\/\/www.bbdepatuljak.be\/fr\/reservation-confirmation\/\" \/>\n<meta property=\"og:site_name\" content=\"De Patuljak\" \/>\n<meta property=\"article:modified_time\" content=\"2024-06-29T13:38:27+00:00\" \/>\n<meta property=\"og:image\" content=\"https:\/\/www.bbdepatuljak.be\/wp-content\/uploads\/2023\/12\/BB_Favicon.png\" \/>\n<meta name=\"twitter:card\" content=\"summary_large_image\" \/>\n<meta name=\"twitter:label1\" content=\"Dur\u00e9e de lecture estim\u00e9e\" \/>\n\t<meta name=\"twitter:data1\" content=\"1 minute\" \/>\n<script type=\"application\/ld+json\" class=\"yoast-schema-graph\">{\"@context\":\"https:\/\/schema.org\",\"@graph\":[{\"@type\":\"WebPage\",\"@id\":\"https:\/\/www.bbdepatuljak.be\/fr\/reservation-confirmation\/\",\"url\":\"https:\/\/www.bbdepatuljak.be\/fr\/reservation-confirmation\/\",\"name\":\"R\u00e9servation De Patuljak B&B \u00e0 Houffalize\",\"isPartOf\":{\"@id\":\"https:\/\/www.bbdepatuljak.be\/fr\/#website\"},\"primaryImageOfPage\":{\"@id\":\"https:\/\/www.bbdepatuljak.be\/fr\/reservation-confirmation\/#primaryimage\"},\"image\":{\"@id\":\"https:\/\/www.bbdepatuljak.be\/fr\/reservation-confirmation\/#primaryimage\"},\"thumbnailUrl\":\"https:\/\/www.bbdepatuljak.be\/wp-content\/uploads\/2023\/12\/BB_Favicon.png\",\"datePublished\":\"2024-06-26T11:25:06+00:00\",\"dateModified\":\"2024-06-29T13:38:27+00:00\",\"description\":\"R\u00e9server votre s\u00e9jour au B&B De Patuljak dans les Ardennes Belges\",\"breadcrumb\":{\"@id\":\"https:\/\/www.bbdepatuljak.be\/fr\/reservation-confirmation\/#breadcrumb\"},\"inLanguage\":\"fr-FR\",\"potentialAction\":[{\"@type\":\"ReadAction\",\"target\":[\"https:\/\/www.bbdepatuljak.be\/fr\/reservation-confirmation\/\"]}]},{\"@type\":\"ImageObject\",\"inLanguage\":\"fr-FR\",\"@id\":\"https:\/\/www.bbdepatuljak.be\/fr\/reservation-confirmation\/#primaryimage\",\"url\":\"https:\/\/www.bbdepatuljak.be\/wp-content\/uploads\/2023\/12\/BB_Favicon.png\",\"contentUrl\":\"https:\/\/www.bbdepatuljak.be\/wp-content\/uploads\/2023\/12\/BB_Favicon.png\"},{\"@type\":\"BreadcrumbList\",\"@id\":\"https:\/\/www.bbdepatuljak.be\/fr\/reservation-confirmation\/#breadcrumb\",\"itemListElement\":[{\"@type\":\"ListItem\",\"position\":1,\"name\":\"Accueil\",\"item\":\"https:\/\/www.bbdepatuljak.be\/fr\/\"},{\"@type\":\"ListItem\",\"position\":2,\"name\":\"R\u00e9servation &#8211; Confirmation\"}]},{\"@type\":\"WebSite\",\"@id\":\"https:\/\/www.bbdepatuljak.be\/fr\/#website\",\"url\":\"https:\/\/www.bbdepatuljak.be\/fr\/\",\"name\":\"De Patuljak\",\"description\":\"Un site utilisant WordPress\",\"potentialAction\":[{\"@type\":\"SearchAction\",\"target\":{\"@type\":\"EntryPoint\",\"urlTemplate\":\"https:\/\/www.bbdepatuljak.be\/fr\/?s={search_term_string}\"},\"query-input\":{\"@type\":\"PropertyValueSpecification\",\"valueRequired\":true,\"valueName\":\"search_term_string\"}}],\"inLanguage\":\"fr-FR\"}]}<\/script>\n<!-- \/ Yoast SEO plugin. -->","yoast_head_json":{"title":"R\u00e9servation De Patuljak B&B \u00e0 Houffalize","description":"R\u00e9server votre s\u00e9jour au B&B De Patuljak dans les Ardennes Belges","robots":{"index":"index","follow":"follow","max-snippet":"max-snippet:-1","max-image-preview":"max-image-preview:large","max-video-preview":"max-video-preview:-1"},"canonical":"https:\/\/www.bbdepatuljak.be\/fr\/reservation-confirmation\/","og_locale":"fr_FR","og_type":"article","og_title":"R\u00e9servation De Patuljak B&B \u00e0 Houffalize","og_description":"R\u00e9server votre s\u00e9jour au B&B De Patuljak dans les Ardennes Belges","og_url":"https:\/\/www.bbdepatuljak.be\/fr\/reservation-confirmation\/","og_site_name":"De Patuljak","article_modified_time":"2024-06-29T13:38:27+00:00","og_image":[{"url":"https:\/\/www.bbdepatuljak.be\/wp-content\/uploads\/2023\/12\/BB_Favicon.png","type":"","width":"","height":""}],"twitter_card":"summary_large_image","twitter_misc":{"Dur\u00e9e de lecture estim\u00e9e":"1 minute"},"schema":{"@context":"https:\/\/schema.org","@graph":[{"@type":"WebPage","@id":"https:\/\/www.bbdepatuljak.be\/fr\/reservation-confirmation\/","url":"https:\/\/www.bbdepatuljak.be\/fr\/reservation-confirmation\/","name":"R\u00e9servation De Patuljak B&B \u00e0 Houffalize","isPartOf":{"@id":"https:\/\/www.bbdepatuljak.be\/fr\/#website"},"primaryImageOfPage":{"@id":"https:\/\/www.bbdepatuljak.be\/fr\/reservation-confirmation\/#primaryimage"},"image":{"@id":"https:\/\/www.bbdepatuljak.be\/fr\/reservation-confirmation\/#primaryimage"},"thumbnailUrl":"https:\/\/www.bbdepatuljak.be\/wp-content\/uploads\/2023\/12\/BB_Favicon.png","datePublished":"2024-06-26T11:25:06+00:00","dateModified":"2024-06-29T13:38:27+00:00","description":"R\u00e9server votre s\u00e9jour au B&B De Patuljak dans les Ardennes Belges","breadcrumb":{"@id":"https:\/\/www.bbdepatuljak.be\/fr\/reservation-confirmation\/#breadcrumb"},"inLanguage":"fr-FR","potentialAction":[{"@type":"ReadAction","target":["https:\/\/www.bbdepatuljak.be\/fr\/reservation-confirmation\/"]}]},{"@type":"ImageObject","inLanguage":"fr-FR","@id":"https:\/\/www.bbdepatuljak.be\/fr\/reservation-confirmation\/#primaryimage","url":"https:\/\/www.bbdepatuljak.be\/wp-content\/uploads\/2023\/12\/BB_Favicon.png","contentUrl":"https:\/\/www.bbdepatuljak.be\/wp-content\/uploads\/2023\/12\/BB_Favicon.png"},{"@type":"BreadcrumbList","@id":"https:\/\/www.bbdepatuljak.be\/fr\/reservation-confirmation\/#breadcrumb","itemListElement":[{"@type":"ListItem","position":1,"name":"Accueil","item":"https:\/\/www.bbdepatuljak.be\/fr\/"},{"@type":"ListItem","position":2,"name":"R\u00e9servation &#8211; Confirmation"}]},{"@type":"WebSite","@id":"https:\/\/www.bbdepatuljak.be\/fr\/#website","url":"https:\/\/www.bbdepatuljak.be\/fr\/","name":"De Patuljak","description":"Un site utilisant WordPress","potentialAction":[{"@type":"SearchAction","target":{"@type":"EntryPoint","urlTemplate":"https:\/\/www.bbdepatuljak.be\/fr\/?s={search_term_string}"},"query-input":{"@type":"PropertyValueSpecification","valueRequired":true,"valueName":"search_term_string"}}],"inLanguage":"fr-FR"}]}},"_links":{"self":[{"href":"https:\/\/www.bbdepatuljak.be\/fr\/wp-json\/wp\/v2\/pages\/551","targetHints":{"allow":["GET"]}}],"collection":[{"href":"https:\/\/www.bbdepatuljak.be\/fr\/wp-json\/wp\/v2\/pages"}],"about":[{"href":"https:\/\/www.bbdepatuljak.be\/fr\/wp-json\/wp\/v2\/types\/page"}],"author":[{"embeddable":true,"href":"https:\/\/www.bbdepatuljak.be\/fr\/wp-json\/wp\/v2\/users\/1"}],"replies":[{"embeddable":true,"href":"https:\/\/www.bbdepatuljak.be\/fr\/wp-json\/wp\/v2\/comments?post=551"}],"version-history":[{"count":7,"href":"https:\/\/www.bbdepatuljak.be\/fr\/wp-json\/wp\/v2\/pages\/551\/revisions"}],"predecessor-version":[{"id":665,"href":"https:\/\/www.bbdepatuljak.be\/fr\/wp-json\/wp\/v2\/pages\/551\/revisions\/665"}],"wp:attachment":[{"href":"https:\/\/www.bbdepatuljak.be\/fr\/wp-json\/wp\/v2\/media?parent=551"}],"curies":[{"name":"wp","href":"https:\/\/api.w.org\/{rel}","templated":true}]}}